{"id":3723,"date":"2016-11-05T17:10:27","date_gmt":"2016-11-05T17:10:27","guid":{"rendered":"http:\/\/soldinthewest.com\/the-west-island\/"},"modified":"2023-06-28T14:59:16","modified_gmt":"2023-06-28T18:59:16","slug":"louest-de-lile","status":"publish","type":"page","link":"https:\/\/soldinthewest.com\/fr\/louest-de-lile\/","title":{"rendered":"L\u2019Ouest-de-l\u2019\u00cele"},"content":{"rendered":"<p>[et_pb_section fb_built=&#8221;1&#8243; _builder_version=&#8221;4.16&#8243; _module_preset=&#8221;default&#8221; background_color=&#8221;RGBA(255,255,255,0)&#8221; global_colors_info=&#8221;{}&#8221;][et_pb_row _builder_version=&#8221;4.16&#8243; background_size=&#8221;initial&#8221; background_position=&#8221;top_left&#8221; background_repeat=&#8221;repeat&#8221; custom_padding=&#8221;||0px||false|false&#8221; global_colors_info=&#8221;{}&#8221;][et_pb_column type=&#8221;4_4&#8243; _builder_version=&#8221;4.16&#8243; custom_padding=&#8221;|||&#8221; global_colors_info=&#8221;{}&#8221; custom_padding__hover=&#8221;|||&#8221;]<\/p>\n<p>[et_pb_post_title meta=&#8221;off&#8221; featured_image=&#8221;off&#8221; _builder_version=&#8221;4.16&#8243; _module_preset=&#8221;default&#8221; title_text_color=&#8221;#000000&#8243; title_font_size=&#8221;30px&#8221; global_colors_info=&#8221;{}&#8221;][\/et_pb_post_title]<\/p>\n<p>[\/et_pb_column][\/et_pb_row][et_pb_row column_structure=&#8221;2_3,1_3&#8243; _builder_version=&#8221;4.16&#8243; _module_preset=&#8221;default&#8221; global_colors_info=&#8221;{}&#8221;][et_pb_column type=&#8221;2_3&#8243; _builder_version=&#8221;4.16&#8243; _module_preset=&#8221;default&#8221; background_color=&#8221;#FFFFFF&#8221; custom_padding=&#8221;45px|30px|45px|30px|false|false&#8221; global_colors_info=&#8221;{}&#8221;][et_pb_text admin_label=&#8221;The West Island is a collection of cities&#8230;&#8221; _builder_version=&#8221;4.21.0&#8243; background_size=&#8221;initial&#8221; background_position=&#8221;top_left&#8221; background_repeat=&#8221;repeat&#8221; hover_enabled=&#8221;0&#8243; global_colors_info=&#8221;{}&#8221; sticky_enabled=&#8221;0&#8243;]<\/p>\n<p>L\u2019Ouest-de-l\u2019\u00cele se compose de villes, bourgs et villages \u00e0 l\u2019ouest de l\u2019\u00eele de Montr\u00e9al, au Qu\u00e9bec. Avec une population de plus de 230 000 personnes, la majorit\u00e9 des r\u00e9sidents sont bilingues. L&#8217;Ouest-de-l&#8217;\u00cele est une r\u00e9gion diversifi\u00e9e et multiculturelle. Elle poss\u00e8de une certaine qualit\u00e9 par rapport au reste de la ville de Montr\u00e9al. Son territoire regorge de parcs, de lacs, de rivi\u00e8res, de pistes cyclables, de terrains de golf et de pistes de ski de fond. Un grand nombre des b\u00e2timents les plus anciens de la r\u00e9gion datent de la Nouvelle-France et ajoutent une valeur et un caract\u00e8re incomparables aux communaut\u00e9s de l&#8217;Ouest-de-l&#8217;\u00cele.<\/p>\n<p><strong>Les municipalit\u00e9s<br \/><\/strong><a href=\"https:\/\/soldinthewest.com\/fr\/louest-de-lile\/beaconsfield\/\">Beaconsfield<\/a><br \/>Kirkland<br \/>Dollard-Des-Ormeaux<br \/><a href=\"https:\/\/soldinthewest.com\/fr\/louest-de-lile\/dorval\/\">Dorval<\/a><br \/>Pierrefonds-Roxoboro<br \/><a href=\"https:\/\/soldinthewest.com\/fr\/louest-de-lile\/baie-durfe\/\">Baie D\u2019Urf\u00e9<\/a><br \/>Sainte-Anne-de-Bellevue<br \/>Sennevile<br \/><a href=\"https:\/\/soldinthewest.com\/fr\/louest-de-lile\/pointe-claire\/\">Pointe-Claire<\/a><br \/>L\u2019\u00cele-Bizard\u2013Sainte-Genevi\u00e8ve<\/p>\n<p><strong>Aux alentours<\/strong><br \/>LaSalle<br \/>Lachine<br \/>St-Laurent<\/p>\n<p><strong>Commissions scolaires<br \/><\/strong>Commission scolaire Lester B. Pearson<br \/>Commission scolaire Marguerite-Bourgeoys<\/p>\n<p><strong>\u00c9coles secondaires<br \/><\/strong>Riverdale Highschool<br \/>Pierrefonds Comprehensive Highschool<br \/>John Rennie High School<br \/>Saint Thomas High School<br \/>Beaconsfield High School<\/p>\n<p><strong>C\u00e9geps<br \/><\/strong>John Abbott College<br \/>Coll\u00e8ge G\u00e9rald-Godin<br \/>Le campus Macdonald de l\u2019Universit\u00e9 McGill<\/p>\n<p><strong>\u00c9coles priv\u00e9es<\/strong><br \/><a href=\"https:\/\/www.avh.montreal.qc.ca\/\" target=\"_blank\" rel=\"noopener\">Alexander Von Humboldt Schule<\/a><br \/>216 Victoria Dr., Baie d\u2019Urf\u00e9<br \/>514-457-2886<br \/><a href=\"https:\/\/www.collegebeaubois.qc.ca\/\" target=\"_blank\" rel=\"noopener\">College Beaubois<\/a><br \/>9509 Gouin West, Pierrefonds<br \/>514-684-7642<br \/><a href=\"https:\/\/www.emmanuelcs.com\/\" target=\"_blank\" rel=\"noopener\">Emmanuel Christian School<\/a><br \/>4698 St. John\u2019s Blvd, Dollard Des Ormeaux<br \/>514-696-6430<br \/><a href=\"https:\/\/www.hfs.qc.ca\/\" target=\"_blank\" rel=\"noopener\">Hebrew Foundation School<\/a><br \/>2 Hope Dr., Dollard Des Ormeaux<br \/>514-684-6270<br \/><a href=\"https:\/\/www.collegecharlemagne.com\/\" target=\"_blank\" rel=\"noopener\">Institution Charlemagne<\/a><br \/>5000 Pilon, Pierrefonds<br \/>514-626-7060<br \/><a href=\"https:\/\/www.kuperacademy.ca\/\" target=\"_blank\" rel=\"noopener\">Kuper Academy<\/a><br \/>2 Aesop, Kirkland<br \/>514-426-3426<br \/><a href=\"https:\/\/www.westislandcollege.qc.ca\/\" target=\"_blank\" rel=\"noopener\">West Island College<\/a><br \/>851 Tecumseh, Dollard Des Ormeaux<br \/>514-683-4660<\/p>\n<p><strong>Centres Commerciaux<\/strong><br \/><a href=\"https:\/\/www.cfshops.com\/fairview-pointe-claire.html\" target=\"_blank\" rel=\"noopener\">Fairview Point-Claire<\/a><br \/><a href=\"https:\/\/www.galeriesdessources.com\/en\/\" target=\"_blank\" rel=\"noopener\">Galerie des Sources<\/a><\/p>\n<p><strong>H\u00f4pitaux<\/strong><br \/><a href=\"https:\/\/fondationlakeshore.ca\/\" target=\"_blank\" rel=\"noopener\">H\u00f4pital g\u00e9n\u00e9ral du Lakeshore<\/a><br \/><a href=\"https:\/\/fondationhsa.ca\/\" target=\"_blank\" rel=\"noopener\">H\u00f4pital des anciens combattants<\/a><\/p>\n<p><strong>Parcs-nature<\/strong><br \/>Cap-Saint-Jacques<br \/>Morgan Arboretum<br \/>Anse-a-l\u2019Orme<br \/>Angell Woods<br \/>Terra Cotta Park<br \/>Centennial Park<br \/>Rapides du Cheval Blanc<br \/>Bois-de-Liesse<\/p>\n<p><strong>A\u00e9roport<br \/><\/strong>A\u00e9roport International Pierre Elliot Trudeau<\/p>\n<p><strong>Transport<\/strong><br \/>Autobus, m\u00e9tro et train (STM\/AMT)<br \/><a href=\"https:\/\/rem.info\/fr\" target=\"_blank\" rel=\"noopener\">R.E.M.<\/a><br \/>Autoroute 20<br \/>Autoroute 40<br \/>Autoroute 13<br \/>Autoroute 15<\/p>\n<p>[\/et_pb_text][\/et_pb_column][et_pb_column type=&#8221;1_3&#8243; _builder_version=&#8221;4.16&#8243; _module_preset=&#8221;default&#8221; background_color=&#8221;#FFFFFF&#8221; custom_padding=&#8221;45px|30px|45px|30px|false|false&#8221; sticky_position=&#8221;top&#8221; sticky_offset_top=&#8221;45px&#8221; global_colors_info=&#8221;{}&#8221;]<\/p>\n<p>[et_pb_sidebar area=&#8221;sidebar-1&#8243; show_border=&#8221;off&#8221; _builder_version=&#8221;4.16&#8243; _module_preset=&#8221;default&#8221; global_colors_info=&#8221;{}&#8221;][\/et_pb_sidebar]<\/p>\n<p>[\/et_pb_column][\/et_pb_row][\/et_pb_section]<\/p>\n<!-- AddThis Advanced Settings generic via filter on the_content --><!-- AddThis Share Buttons generic via filter on the_content -->","protected":false},"excerpt":{"rendered":"<p><!-- AddThis Advanced Settings generic via filter on the_excerpt --><!-- AddThis Share Buttons generic via filter on the_excerpt --><\/p>\n","protected":false},"author":4,"featured_media":0,"parent":0,"menu_order":10,"comment_status":"closed","ping_status":"closed","template":"","meta":{"_et_pb_use_builder":"on","_et_pb_old_content":"","_et_gb_content_width":"","footnotes":""},"class_list":["post-3723","page","type-page","status-publish","hentry"],"yoast_head":"<!-- This site is optimized with the Yoast SEO plugin v27.3 - https:\/\/yoast.com\/product\/yoast-seo-wordpress\/ -->\n<title>L\u2019Ouest-de-l\u2019\u00cele | Sold In The West<\/title>\n<meta name=\"robots\" content=\"index, follow, max-snippet:-1, max-image-preview:large, max-video-preview:-1\" \/>\n<link rel=\"canonical\" href=\"https:\/\/soldinthewest.com\/fr\/louest-de-lile\/\" \/>\n<meta property=\"og:locale\" content=\"fr_FR\" \/>\n<meta property=\"og:type\" content=\"article\" \/>\n<meta property=\"og:title\" content=\"L\u2019Ouest-de-l\u2019\u00cele | Sold In The West\" \/>\n<meta property=\"og:url\" content=\"https:\/\/soldinthewest.com\/fr\/louest-de-lile\/\" \/>\n<meta property=\"og:site_name\" content=\"Sold In The West\" \/>\n<meta property=\"article:publisher\" content=\"https:\/\/www.facebook.com\/soldinthewest\/\" \/>\n<meta property=\"article:modified_time\" content=\"2023-06-28T18:59:16+00:00\" \/>\n<meta name=\"twitter:card\" content=\"summary_large_image\" \/>\n<meta name=\"twitter:site\" content=\"@Sold_intheWest\" \/>\n<meta name=\"twitter:label1\" content=\"Dur\u00e9e de lecture estim\u00e9e\" \/>\n\t<meta name=\"twitter:data1\" content=\"2 minutes\" \/>\n<script type=\"application\/ld+json\" class=\"yoast-schema-graph\">{\"@context\":\"https:\\\/\\\/schema.org\",\"@graph\":[{\"@type\":\"WebPage\",\"@id\":\"https:\\\/\\\/soldinthewest.com\\\/fr\\\/louest-de-lile\\\/\",\"url\":\"https:\\\/\\\/soldinthewest.com\\\/fr\\\/louest-de-lile\\\/\",\"name\":\"L\u2019Ouest-de-l\u2019\u00cele | Sold In The West\",\"isPartOf\":{\"@id\":\"https:\\\/\\\/soldinthewest.com\\\/fr\\\/#website\"},\"datePublished\":\"2016-11-05T17:10:27+00:00\",\"dateModified\":\"2023-06-28T18:59:16+00:00\",\"breadcrumb\":{\"@id\":\"https:\\\/\\\/soldinthewest.com\\\/fr\\\/louest-de-lile\\\/#breadcrumb\"},\"inLanguage\":\"fr-FR\",\"potentialAction\":[{\"@type\":\"ReadAction\",\"target\":[\"https:\\\/\\\/soldinthewest.com\\\/fr\\\/louest-de-lile\\\/\"]}]},{\"@type\":\"BreadcrumbList\",\"@id\":\"https:\\\/\\\/soldinthewest.com\\\/fr\\\/louest-de-lile\\\/#breadcrumb\",\"itemListElement\":[{\"@type\":\"ListItem\",\"position\":1,\"name\":\"Home\",\"item\":\"https:\\\/\\\/soldinthewest.com\\\/fr\\\/\"},{\"@type\":\"ListItem\",\"position\":2,\"name\":\"L\u2019Ouest-de-l\u2019\u00cele\"}]},{\"@type\":\"WebSite\",\"@id\":\"https:\\\/\\\/soldinthewest.com\\\/fr\\\/#website\",\"url\":\"https:\\\/\\\/soldinthewest.com\\\/fr\\\/\",\"name\":\"Sold In The West\",\"description\":\"West Island Real Estate\",\"publisher\":{\"@id\":\"https:\\\/\\\/soldinthewest.com\\\/fr\\\/#organization\"},\"potentialAction\":[{\"@type\":\"SearchAction\",\"target\":{\"@type\":\"EntryPoint\",\"urlTemplate\":\"https:\\\/\\\/soldinthewest.com\\\/fr\\\/?s={search_term_string}\"},\"query-input\":{\"@type\":\"PropertyValueSpecification\",\"valueRequired\":true,\"valueName\":\"search_term_string\"}}],\"inLanguage\":\"fr-FR\"},{\"@type\":\"Organization\",\"@id\":\"https:\\\/\\\/soldinthewest.com\\\/fr\\\/#organization\",\"name\":\"Sold in the west\",\"url\":\"https:\\\/\\\/soldinthewest.com\\\/fr\\\/\",\"logo\":{\"@type\":\"ImageObject\",\"inLanguage\":\"fr-FR\",\"@id\":\"https:\\\/\\\/soldinthewest.com\\\/fr\\\/#\\\/schema\\\/logo\\\/image\\\/\",\"url\":\"https:\\\/\\\/soldinthewest.com\\\/wp-content\\\/uploads\\\/2016\\\/11\\\/soldinthewest-logo-west-island-real-estate-mobile.png\",\"contentUrl\":\"https:\\\/\\\/soldinthewest.com\\\/wp-content\\\/uploads\\\/2016\\\/11\\\/soldinthewest-logo-west-island-real-estate-mobile.png\",\"width\":653,\"height\":592,\"caption\":\"Sold in the west\"},\"image\":{\"@id\":\"https:\\\/\\\/soldinthewest.com\\\/fr\\\/#\\\/schema\\\/logo\\\/image\\\/\"},\"sameAs\":[\"https:\\\/\\\/www.facebook.com\\\/soldinthewest\\\/\",\"https:\\\/\\\/x.com\\\/Sold_intheWest\",\"https:\\\/\\\/www.linkedin.com\\\/in\\\/sold-in-the-west-99589075\"]}]}<\/script>\n<!-- \/ Yoast SEO plugin. -->","yoast_head_json":{"title":"L\u2019Ouest-de-l\u2019\u00cele | Sold In The West","robots":{"index":"index","follow":"follow","max-snippet":"max-snippet:-1","max-image-preview":"max-image-preview:large","max-video-preview":"max-video-preview:-1"},"canonical":"https:\/\/soldinthewest.com\/fr\/louest-de-lile\/","og_locale":"fr_FR","og_type":"article","og_title":"L\u2019Ouest-de-l\u2019\u00cele | Sold In The West","og_url":"https:\/\/soldinthewest.com\/fr\/louest-de-lile\/","og_site_name":"Sold In The West","article_publisher":"https:\/\/www.facebook.com\/soldinthewest\/","article_modified_time":"2023-06-28T18:59:16+00:00","twitter_card":"summary_large_image","twitter_site":"@Sold_intheWest","twitter_misc":{"Dur\u00e9e de lecture estim\u00e9e":"2 minutes"},"schema":{"@context":"https:\/\/schema.org","@graph":[{"@type":"WebPage","@id":"https:\/\/soldinthewest.com\/fr\/louest-de-lile\/","url":"https:\/\/soldinthewest.com\/fr\/louest-de-lile\/","name":"L\u2019Ouest-de-l\u2019\u00cele | Sold In The West","isPartOf":{"@id":"https:\/\/soldinthewest.com\/fr\/#website"},"datePublished":"2016-11-05T17:10:27+00:00","dateModified":"2023-06-28T18:59:16+00:00","breadcrumb":{"@id":"https:\/\/soldinthewest.com\/fr\/louest-de-lile\/#breadcrumb"},"inLanguage":"fr-FR","potentialAction":[{"@type":"ReadAction","target":["https:\/\/soldinthewest.com\/fr\/louest-de-lile\/"]}]},{"@type":"BreadcrumbList","@id":"https:\/\/soldinthewest.com\/fr\/louest-de-lile\/#breadcrumb","itemListElement":[{"@type":"ListItem","position":1,"name":"Home","item":"https:\/\/soldinthewest.com\/fr\/"},{"@type":"ListItem","position":2,"name":"L\u2019Ouest-de-l\u2019\u00cele"}]},{"@type":"WebSite","@id":"https:\/\/soldinthewest.com\/fr\/#website","url":"https:\/\/soldinthewest.com\/fr\/","name":"Sold In The West","description":"West Island Real Estate","publisher":{"@id":"https:\/\/soldinthewest.com\/fr\/#organization"},"potentialAction":[{"@type":"SearchAction","target":{"@type":"EntryPoint","urlTemplate":"https:\/\/soldinthewest.com\/fr\/?s={search_term_string}"},"query-input":{"@type":"PropertyValueSpecification","valueRequired":true,"valueName":"search_term_string"}}],"inLanguage":"fr-FR"},{"@type":"Organization","@id":"https:\/\/soldinthewest.com\/fr\/#organization","name":"Sold in the west","url":"https:\/\/soldinthewest.com\/fr\/","logo":{"@type":"ImageObject","inLanguage":"fr-FR","@id":"https:\/\/soldinthewest.com\/fr\/#\/schema\/logo\/image\/","url":"https:\/\/soldinthewest.com\/wp-content\/uploads\/2016\/11\/soldinthewest-logo-west-island-real-estate-mobile.png","contentUrl":"https:\/\/soldinthewest.com\/wp-content\/uploads\/2016\/11\/soldinthewest-logo-west-island-real-estate-mobile.png","width":653,"height":592,"caption":"Sold in the west"},"image":{"@id":"https:\/\/soldinthewest.com\/fr\/#\/schema\/logo\/image\/"},"sameAs":["https:\/\/www.facebook.com\/soldinthewest\/","https:\/\/x.com\/Sold_intheWest","https:\/\/www.linkedin.com\/in\/sold-in-the-west-99589075"]}]}},"_links":{"self":[{"href":"https:\/\/soldinthewest.com\/fr\/wp-json\/wp\/v2\/pages\/3723","targetHints":{"allow":["GET"]}}],"collection":[{"href":"https:\/\/soldinthewest.com\/fr\/wp-json\/wp\/v2\/pages"}],"about":[{"href":"https:\/\/soldinthewest.com\/fr\/wp-json\/wp\/v2\/types\/page"}],"author":[{"embeddable":true,"href":"https:\/\/soldinthewest.com\/fr\/wp-json\/wp\/v2\/users\/4"}],"replies":[{"embeddable":true,"href":"https:\/\/soldinthewest.com\/fr\/wp-json\/wp\/v2\/comments?post=3723"}],"version-history":[{"count":5,"href":"https:\/\/soldinthewest.com\/fr\/wp-json\/wp\/v2\/pages\/3723\/revisions"}],"predecessor-version":[{"id":6448,"href":"https:\/\/soldinthewest.com\/fr\/wp-json\/wp\/v2\/pages\/3723\/revisions\/6448"}],"wp:attachment":[{"href":"https:\/\/soldinthewest.com\/fr\/wp-json\/wp\/v2\/media?parent=3723"}],"curies":[{"name":"wp","href":"https:\/\/api.w.org\/{rel}","templated":true}]}}