{"id":4328,"date":"2022-02-22T17:42:42","date_gmt":"2022-02-22T21:42:42","guid":{"rendered":"https:\/\/soldinthewest.com\/?page_id=4328"},"modified":"2023-06-28T15:04:22","modified_gmt":"2023-06-28T19:04:22","slug":"__trashed-2","status":"publish","type":"page","link":"https:\/\/soldinthewest.com\/fr\/__trashed-2\/","title":{"rendered":"March\u00e9 immobilier \u00e0 Montr\u00e9al"},"content":{"rendered":"<p>[et_pb_section fb_built=&#8221;1&#8243; _builder_version=&#8221;4.16&#8243; _module_preset=&#8221;default&#8221; background_color=&#8221;RGBA(255,255,255,0)&#8221; global_colors_info=&#8221;{}&#8221;][et_pb_row _builder_version=&#8221;4.16&#8243; background_size=&#8221;initial&#8221; background_position=&#8221;top_left&#8221; background_repeat=&#8221;repeat&#8221; custom_padding=&#8221;||0px||false|false&#8221; global_colors_info=&#8221;{}&#8221;][et_pb_column type=&#8221;4_4&#8243; _builder_version=&#8221;4.16&#8243; custom_padding=&#8221;|||&#8221; global_colors_info=&#8221;{}&#8221; custom_padding__hover=&#8221;|||&#8221;]<\/p>\n<p>[et_pb_post_title meta=&#8221;off&#8221; featured_image=&#8221;off&#8221; _builder_version=&#8221;4.14.8&#8243; _module_preset=&#8221;default&#8221; title_text_color=&#8221;#000000&#8243; title_font_size=&#8221;30px&#8221; global_colors_info=&#8221;{}&#8221;][\/et_pb_post_title]<\/p>\n<p>[\/et_pb_column][\/et_pb_row][et_pb_row column_structure=&#8221;2_3,1_3&#8243; _builder_version=&#8221;4.16&#8243; _module_preset=&#8221;default&#8221; global_colors_info=&#8221;{}&#8221;][et_pb_column type=&#8221;2_3&#8243; _builder_version=&#8221;4.16&#8243; _module_preset=&#8221;default&#8221; background_color=&#8221;#FFFFFF&#8221; custom_padding=&#8221;45px|30px|45px|30px|false|false&#8221; global_colors_info=&#8221;{}&#8221;][et_pb_text admin_label=&#8221;3 Reasons Why You Should Invest In Montreal Real Estate&#8221; _builder_version=&#8221;4.21.0&#8243; background_size=&#8221;initial&#8221; background_position=&#8221;top_left&#8221; background_repeat=&#8221;repeat&#8221; hover_enabled=&#8221;0&#8243; global_colors_info=&#8221;{}&#8221; sticky_enabled=&#8221;0&#8243;]<\/p>\n<h1>3 raisons pour lesquelles vous devriez investir dans l&#8217;immobilier \u00e0 Montr\u00e9al<\/h1>\n<p>[\/et_pb_text][et_pb_image src=&#8221;https:\/\/soldinthewest.com\/wp-content\/uploads\/2016\/11\/West-Island-Real-Estate-Montreal-background.jpg&#8221; alt=&#8221;Immobilier West Island Montr\u00e9al&#8221; title_text=&#8221;west-island-real-estate-montreal-background&#8221; _builder_version=&#8221;4.16&#8243; _module_preset=&#8221;default&#8221; global_colors_info=&#8221;{}&#8221;][\/et_pb_image][et_pb_text admin_label=&#8221;Investments | Real Estate Montreal&#8221; _builder_version=&#8221;4.21.0&#8243; background_size=&#8221;initial&#8221; background_position=&#8221;top_left&#8221; background_repeat=&#8221;repeat&#8221; global_colors_info=&#8221;{}&#8221;]<\/p>\n<h1>Investissements | Immobilier Montr\u00e9al<\/h1>\n<p>Comme les investissements bancaires ne sont plus rentables, nous croyons qu&#8217;il est temps de sortir des sentiers battus et d&#8217;explorer d&#8217;autres possibilit\u00e9s d&#8217;investissement prometteuses. Selon les statistiques de Centris, les taux d&#8217;int\u00e9r\u00eat offerts par les diff\u00e9rentes institutions financi\u00e8res du Canada ne permettent pas aux individus d&#8217;obtenir plus qu&#8217;un taux d&#8217;int\u00e9r\u00eat minimal. Cependant, avec les investissements immobiliers, vos taux peuvent augmenter beaucoup plus.<\/p>\n<p>Voici pourquoi vous devriez investir dans les propri\u00e9t\u00e9s de Real Estate Montreal :<\/p>\n<h3><strong>1. Bilan du QPAREB pour 2021 et pr\u00e9visions pour 2022<\/strong><\/h3>\n<p>Nous vous invitons \u00e0 lire cet article sur le site de l&#8217;APCIQ \u00e0 propos du march\u00e9 immobilier qu\u00e9b\u00e9cois : <strong><a href=\"https:\/\/apciq.ca\/en\/quebec-real-estate-market-from-frenzied-overheating-in-2021-to-forced-normalization-in-2022\/\">March\u00e9 immobilier qu\u00e9b\u00e9cois : de la surchauffe fr\u00e9n\u00e9tique en 2021 \u00e0 la normalisation forc\u00e9e en 2022.<\/a><\/strong><\/p>\n<h3><strong>2. Manque d&#8217;inventaire<\/strong><\/h3>\n<p>Avec les nouvelles taxes impos\u00e9es \u00e0 Vancouver et en Colombie-Britannique, les millionnaires ont afflu\u00e9 \u00e0 Montr\u00e9al pour acheter des biens immobiliers. Voici un article int\u00e9ressant qui fera certainement la diff\u00e9rence pour ceux qui sont \u00e0 la recherche d&#8217;opportunit\u00e9s en or.<strong> <a href=\"https:\/\/apciq.ca\/en\/montreal-real-estate-market-lack-of-new-residential-listings-undermines-the-level-of-supply-and-sales\/\">March\u00e9 immobilier de Montr\u00e9al : Le manque de nouvelles inscriptions r\u00e9sidentielles mine le niveau de l&#8217;offre et des ventes<\/a><\/strong><\/p>\n<h3><strong>3. Le style de vie unique de Montr\u00e9al<\/strong><\/h3>\n<p>\u00c0 Montr\u00e9al, il y a beaucoup d&#8217;endroits \u00e0 visiter, mais selon ce que vous recherchez, les endroits id\u00e9aux diff\u00e8rent :<\/p>\n<ul>\n<li>Si vous souhaitez passer quelques heures \u00e0 profiter de la nature et des beaux paysages, vous pouvez visiter le parc du Mont-Royal, les Laurentides, les Jardins japonais, le Jardin botanique de Montr\u00e9al ou le Parc olympique. D&#8217;autre part, vous pouvez profiter d&#8217;une promenade en bateau dans le Vieux-Port avec le Bateau-Mouche pour d\u00e9couvrir la beaut\u00e9 du fleuve de Montr\u00e9al.<\/li>\n<li>Pour le charme des lieux historiques, vous pr\u00e9f\u00e9rerez peut-\u00eatre visiter le Lieu historique national du Canal-de-Lachine, le Mus\u00e9e du Ch\u00e2teau Ramezay ou l&#8217;Oratoire Saint-Joseph.<\/li>\n<li>Pour les amateurs de shopping, vous pouvez vous rendre au centre-ville, rue Sainte-Catherine, ou visiter des centres commerciaux tels que le Centre Eaton de Montr\u00e9al ou le CF Fairview \u00e0 Pointe-Claire.<\/li>\n<\/ul>\n<p>Apr\u00e8s avoir explor\u00e9 quelques options, il en reste un grand nombre d&#8217;autres qui n&#8217;ont pas \u00e9t\u00e9 mentionn\u00e9es sur cette page.<\/p>\n<p style=\"text-align: center;\">Restez \u00e0 l&#8217;\u00e9coute sur mes blogs pour plus d&#8217;informations!<\/p>\n<h3 style=\"text-align: center;\"><a href=\"https:\/\/soldinthewest.com\/fr\/properties\/\">Parcourez les derni\u00e8res nouvelles de l&#8217;immobilier \u00e0 Montr\u00e9al<\/a><\/h3>\n<p>[\/et_pb_text][\/et_pb_column][et_pb_column type=&#8221;1_3&#8243; _builder_version=&#8221;4.16&#8243; _module_preset=&#8221;default&#8221; background_color=&#8221;#FFFFFF&#8221; custom_padding=&#8221;45px|30px|45px|30px|false|false&#8221; sticky_position=&#8221;top&#8221; sticky_offset_top=&#8221;45px&#8221; global_colors_info=&#8221;{}&#8221;]<\/p>\n<p>[et_pb_sidebar area=&#8221;sidebar-1&#8243; show_border=&#8221;off&#8221; _builder_version=&#8221;4.14.8&#8243; _module_preset=&#8221;default&#8221; global_colors_info=&#8221;{}&#8221;][\/et_pb_sidebar]<\/p>\n<p>[\/et_pb_column][\/et_pb_row][\/et_pb_section]<\/p>\n<!-- AddThis Advanced Settings generic via filter on the_content --><!-- AddThis Share Buttons generic via filter on the_content -->","protected":false},"excerpt":{"rendered":"<p><!-- AddThis Advanced Settings generic via filter on the_excerpt --><!-- AddThis Share Buttons generic via filter on the_excerpt --><\/p>\n","protected":false},"author":5,"featured_media":0,"parent":0,"menu_order":20,"comment_status":"closed","ping_status":"closed","template":"","meta":{"_et_pb_use_builder":"on","_et_pb_old_content":"","_et_gb_content_width":"","footnotes":""},"class_list":["post-4328","page","type-page","status-publish","hentry"],"yoast_head":"<!-- This site is optimized with the Yoast SEO plugin v27.3 - https:\/\/yoast.com\/product\/yoast-seo-wordpress\/ -->\n<title>Investissement immobilier \u00e0 Montr\u00e9al | Sold In The West<\/title>\n<meta name=\"robots\" content=\"index, follow, max-snippet:-1, max-image-preview:large, max-video-preview:-1\" \/>\n<link rel=\"canonical\" href=\"https:\/\/soldinthewest.com\/fr\/__trashed-2\/\" \/>\n<meta property=\"og:locale\" content=\"fr_FR\" \/>\n<meta property=\"og:type\" content=\"article\" \/>\n<meta property=\"og:title\" content=\"Investissement immobilier \u00e0 Montr\u00e9al | Sold In The West\" \/>\n<meta property=\"og:description\" content=\"L&#039;un des sujets br\u00fblants d&#039;aujourd&#039;hui est celui des investissements immobiliers \u00e0 Montr\u00e9al. 3 raisons pour lesquelles vous devriez investir dans l&#039;immobilier \u00e0 Montr\u00e9al. Explorez maintenant\u00a0!\" \/>\n<meta property=\"og:url\" content=\"https:\/\/soldinthewest.com\/fr\/__trashed-2\/\" \/>\n<meta property=\"og:site_name\" content=\"Sold In The West\" \/>\n<meta property=\"article:publisher\" content=\"https:\/\/www.facebook.com\/soldinthewest\/\" \/>\n<meta property=\"article:modified_time\" content=\"2023-06-28T19:04:22+00:00\" \/>\n<meta name=\"twitter:card\" content=\"summary_large_image\" \/>\n<meta name=\"twitter:site\" content=\"@Sold_intheWest\" \/>\n<meta name=\"twitter:label1\" content=\"Dur\u00e9e de lecture estim\u00e9e\" \/>\n\t<meta name=\"twitter:data1\" content=\"3 minutes\" \/>\n<script type=\"application\/ld+json\" class=\"yoast-schema-graph\">{\"@context\":\"https:\\\/\\\/schema.org\",\"@graph\":[{\"@type\":\"WebPage\",\"@id\":\"https:\\\/\\\/soldinthewest.com\\\/fr\\\/__trashed-2\\\/\",\"url\":\"https:\\\/\\\/soldinthewest.com\\\/fr\\\/__trashed-2\\\/\",\"name\":\"Investissement immobilier \u00e0 Montr\u00e9al | Sold In The West\",\"isPartOf\":{\"@id\":\"https:\\\/\\\/soldinthewest.com\\\/fr\\\/#website\"},\"datePublished\":\"2022-02-22T21:42:42+00:00\",\"dateModified\":\"2023-06-28T19:04:22+00:00\",\"description\":\"L'un des sujets br\u00fblants d'aujourd'hui est celui des investissements immobiliers \u00e0 Montr\u00e9al. 3 raisons pour lesquelles vous devriez investir dans l'immobilier \u00e0 Montr\u00e9al. Explorez maintenant\u00a0!\",\"breadcrumb\":{\"@id\":\"https:\\\/\\\/soldinthewest.com\\\/fr\\\/__trashed-2\\\/#breadcrumb\"},\"inLanguage\":\"fr-FR\",\"potentialAction\":[{\"@type\":\"ReadAction\",\"target\":[\"https:\\\/\\\/soldinthewest.com\\\/fr\\\/__trashed-2\\\/\"]}]},{\"@type\":\"BreadcrumbList\",\"@id\":\"https:\\\/\\\/soldinthewest.com\\\/fr\\\/__trashed-2\\\/#breadcrumb\",\"itemListElement\":[{\"@type\":\"ListItem\",\"position\":1,\"name\":\"Home\",\"item\":\"https:\\\/\\\/soldinthewest.com\\\/fr\\\/\"},{\"@type\":\"ListItem\",\"position\":2,\"name\":\"March\u00e9 immobilier \u00e0 Montr\u00e9al\"}]},{\"@type\":\"WebSite\",\"@id\":\"https:\\\/\\\/soldinthewest.com\\\/fr\\\/#website\",\"url\":\"https:\\\/\\\/soldinthewest.com\\\/fr\\\/\",\"name\":\"Sold In The West\",\"description\":\"West Island Real Estate\",\"publisher\":{\"@id\":\"https:\\\/\\\/soldinthewest.com\\\/fr\\\/#organization\"},\"potentialAction\":[{\"@type\":\"SearchAction\",\"target\":{\"@type\":\"EntryPoint\",\"urlTemplate\":\"https:\\\/\\\/soldinthewest.com\\\/fr\\\/?s={search_term_string}\"},\"query-input\":{\"@type\":\"PropertyValueSpecification\",\"valueRequired\":true,\"valueName\":\"search_term_string\"}}],\"inLanguage\":\"fr-FR\"},{\"@type\":\"Organization\",\"@id\":\"https:\\\/\\\/soldinthewest.com\\\/fr\\\/#organization\",\"name\":\"Sold in the west\",\"url\":\"https:\\\/\\\/soldinthewest.com\\\/fr\\\/\",\"logo\":{\"@type\":\"ImageObject\",\"inLanguage\":\"fr-FR\",\"@id\":\"https:\\\/\\\/soldinthewest.com\\\/fr\\\/#\\\/schema\\\/logo\\\/image\\\/\",\"url\":\"https:\\\/\\\/soldinthewest.com\\\/wp-content\\\/uploads\\\/2016\\\/11\\\/soldinthewest-logo-west-island-real-estate-mobile.png\",\"contentUrl\":\"https:\\\/\\\/soldinthewest.com\\\/wp-content\\\/uploads\\\/2016\\\/11\\\/soldinthewest-logo-west-island-real-estate-mobile.png\",\"width\":653,\"height\":592,\"caption\":\"Sold in the west\"},\"image\":{\"@id\":\"https:\\\/\\\/soldinthewest.com\\\/fr\\\/#\\\/schema\\\/logo\\\/image\\\/\"},\"sameAs\":[\"https:\\\/\\\/www.facebook.com\\\/soldinthewest\\\/\",\"https:\\\/\\\/x.com\\\/Sold_intheWest\",\"https:\\\/\\\/www.linkedin.com\\\/in\\\/sold-in-the-west-99589075\"]}]}<\/script>\n<!-- \/ Yoast SEO plugin. -->","yoast_head_json":{"title":"Investissement immobilier \u00e0 Montr\u00e9al | Sold In The West","robots":{"index":"index","follow":"follow","max-snippet":"max-snippet:-1","max-image-preview":"max-image-preview:large","max-video-preview":"max-video-preview:-1"},"canonical":"https:\/\/soldinthewest.com\/fr\/__trashed-2\/","og_locale":"fr_FR","og_type":"article","og_title":"Investissement immobilier \u00e0 Montr\u00e9al | Sold In The West","og_description":"L'un des sujets br\u00fblants d'aujourd'hui est celui des investissements immobiliers \u00e0 Montr\u00e9al. 3 raisons pour lesquelles vous devriez investir dans l'immobilier \u00e0 Montr\u00e9al. Explorez maintenant\u00a0!","og_url":"https:\/\/soldinthewest.com\/fr\/__trashed-2\/","og_site_name":"Sold In The West","article_publisher":"https:\/\/www.facebook.com\/soldinthewest\/","article_modified_time":"2023-06-28T19:04:22+00:00","twitter_card":"summary_large_image","twitter_site":"@Sold_intheWest","twitter_misc":{"Dur\u00e9e de lecture estim\u00e9e":"3 minutes"},"schema":{"@context":"https:\/\/schema.org","@graph":[{"@type":"WebPage","@id":"https:\/\/soldinthewest.com\/fr\/__trashed-2\/","url":"https:\/\/soldinthewest.com\/fr\/__trashed-2\/","name":"Investissement immobilier \u00e0 Montr\u00e9al | Sold In The West","isPartOf":{"@id":"https:\/\/soldinthewest.com\/fr\/#website"},"datePublished":"2022-02-22T21:42:42+00:00","dateModified":"2023-06-28T19:04:22+00:00","description":"L'un des sujets br\u00fblants d'aujourd'hui est celui des investissements immobiliers \u00e0 Montr\u00e9al. 3 raisons pour lesquelles vous devriez investir dans l'immobilier \u00e0 Montr\u00e9al. Explorez maintenant\u00a0!","breadcrumb":{"@id":"https:\/\/soldinthewest.com\/fr\/__trashed-2\/#breadcrumb"},"inLanguage":"fr-FR","potentialAction":[{"@type":"ReadAction","target":["https:\/\/soldinthewest.com\/fr\/__trashed-2\/"]}]},{"@type":"BreadcrumbList","@id":"https:\/\/soldinthewest.com\/fr\/__trashed-2\/#breadcrumb","itemListElement":[{"@type":"ListItem","position":1,"name":"Home","item":"https:\/\/soldinthewest.com\/fr\/"},{"@type":"ListItem","position":2,"name":"March\u00e9 immobilier \u00e0 Montr\u00e9al"}]},{"@type":"WebSite","@id":"https:\/\/soldinthewest.com\/fr\/#website","url":"https:\/\/soldinthewest.com\/fr\/","name":"Sold In The West","description":"West Island Real Estate","publisher":{"@id":"https:\/\/soldinthewest.com\/fr\/#organization"},"potentialAction":[{"@type":"SearchAction","target":{"@type":"EntryPoint","urlTemplate":"https:\/\/soldinthewest.com\/fr\/?s={search_term_string}"},"query-input":{"@type":"PropertyValueSpecification","valueRequired":true,"valueName":"search_term_string"}}],"inLanguage":"fr-FR"},{"@type":"Organization","@id":"https:\/\/soldinthewest.com\/fr\/#organization","name":"Sold in the west","url":"https:\/\/soldinthewest.com\/fr\/","logo":{"@type":"ImageObject","inLanguage":"fr-FR","@id":"https:\/\/soldinthewest.com\/fr\/#\/schema\/logo\/image\/","url":"https:\/\/soldinthewest.com\/wp-content\/uploads\/2016\/11\/soldinthewest-logo-west-island-real-estate-mobile.png","contentUrl":"https:\/\/soldinthewest.com\/wp-content\/uploads\/2016\/11\/soldinthewest-logo-west-island-real-estate-mobile.png","width":653,"height":592,"caption":"Sold in the west"},"image":{"@id":"https:\/\/soldinthewest.com\/fr\/#\/schema\/logo\/image\/"},"sameAs":["https:\/\/www.facebook.com\/soldinthewest\/","https:\/\/x.com\/Sold_intheWest","https:\/\/www.linkedin.com\/in\/sold-in-the-west-99589075"]}]}},"_links":{"self":[{"href":"https:\/\/soldinthewest.com\/fr\/wp-json\/wp\/v2\/pages\/4328","targetHints":{"allow":["GET"]}}],"collection":[{"href":"https:\/\/soldinthewest.com\/fr\/wp-json\/wp\/v2\/pages"}],"about":[{"href":"https:\/\/soldinthewest.com\/fr\/wp-json\/wp\/v2\/types\/page"}],"author":[{"embeddable":true,"href":"https:\/\/soldinthewest.com\/fr\/wp-json\/wp\/v2\/users\/5"}],"replies":[{"embeddable":true,"href":"https:\/\/soldinthewest.com\/fr\/wp-json\/wp\/v2\/comments?post=4328"}],"version-history":[{"count":5,"href":"https:\/\/soldinthewest.com\/fr\/wp-json\/wp\/v2\/pages\/4328\/revisions"}],"predecessor-version":[{"id":6456,"href":"https:\/\/soldinthewest.com\/fr\/wp-json\/wp\/v2\/pages\/4328\/revisions\/6456"}],"wp:attachment":[{"href":"https:\/\/soldinthewest.com\/fr\/wp-json\/wp\/v2\/media?parent=4328"}],"curies":[{"name":"wp","href":"https:\/\/api.w.org\/{rel}","templated":true}]}}