{"id":4349,"date":"2022-02-22T17:42:46","date_gmt":"2022-02-22T21:42:46","guid":{"rendered":"https:\/\/soldinthewest.com\/?page_id=4349"},"modified":"2023-06-28T15:07:40","modified_gmt":"2023-06-28T19:07:40","slug":"__trashed-3","status":"publish","type":"page","link":"https:\/\/soldinthewest.com\/fr\/__trashed-3\/","title":{"rendered":"Services de courtier immobilier"},"content":{"rendered":"<p>[et_pb_section fb_built=&#8221;1&#8243; _builder_version=&#8221;4.16&#8243; _module_preset=&#8221;default&#8221; background_color=&#8221;RGBA(255,255,255,0)&#8221; custom_padding=&#8221;||60px||false|false&#8221; global_colors_info=&#8221;{}&#8221;][et_pb_row _builder_version=&#8221;4.16&#8243; background_size=&#8221;initial&#8221; background_position=&#8221;top_left&#8221; background_repeat=&#8221;repeat&#8221; custom_padding=&#8221;||0px||false|false&#8221; global_colors_info=&#8221;{}&#8221;][et_pb_column type=&#8221;4_4&#8243; _builder_version=&#8221;4.16&#8243; custom_padding=&#8221;|||&#8221; global_colors_info=&#8221;{}&#8221; custom_padding__hover=&#8221;|||&#8221;]<\/p>\n<p>[et_pb_post_title meta=&#8221;off&#8221; featured_image=&#8221;off&#8221; _builder_version=&#8221;4.14.8&#8243; _module_preset=&#8221;default&#8221; title_text_color=&#8221;#000000&#8243; title_font_size=&#8221;30px&#8221; global_colors_info=&#8221;{}&#8221;][\/et_pb_post_title]<\/p>\n<p>[\/et_pb_column][\/et_pb_row][et_pb_row column_structure=&#8221;1_4,1_4,1_4,1_4&#8243; _builder_version=&#8221;4.16&#8243; _module_preset=&#8221;default&#8221; global_colors_info=&#8221;{}&#8221;][et_pb_column type=&#8221;1_4&#8243; _builder_version=&#8221;4.16&#8243; _module_preset=&#8221;default&#8221; background_color=&#8221;#FFFFFF&#8221; custom_padding=&#8221;45px|30px|45px|30px|false|false&#8221; global_colors_info=&#8221;{}&#8221;][et_pb_image src=&#8221;https:\/\/soldinthewest.com\/wp-content\/uploads\/2018\/06\/bank-icon.png&#8221; alt=&#8221;bank icon&#8221; title_text=&#8221;bank-icon&#8221; align=&#8221;center&#8221; _builder_version=&#8221;4.16&#8243; _module_preset=&#8221;default&#8221; global_colors_info=&#8221;{}&#8221;][\/et_pb_image][\/et_pb_column][et_pb_column type=&#8221;1_4&#8243; _builder_version=&#8221;4.16&#8243; _module_preset=&#8221;default&#8221; background_color=&#8221;#FFFFFF&#8221; custom_padding=&#8221;45px|30px|45px|30px|false|false&#8221; global_colors_info=&#8221;{}&#8221;][et_pb_image src=&#8221;https:\/\/soldinthewest.com\/wp-content\/uploads\/2018\/06\/care-icon.png&#8221; alt=&#8221;care icon&#8221; title_text=&#8221;care-icon&#8221; align=&#8221;center&#8221; _builder_version=&#8221;4.16&#8243; _module_preset=&#8221;default&#8221; global_colors_info=&#8221;{}&#8221;][\/et_pb_image][\/et_pb_column][et_pb_column type=&#8221;1_4&#8243; _builder_version=&#8221;4.16&#8243; _module_preset=&#8221;default&#8221; background_color=&#8221;#FFFFFF&#8221; custom_padding=&#8221;45px|30px|45px|30px|false|false&#8221; global_colors_info=&#8221;{}&#8221;][et_pb_image src=&#8221;https:\/\/soldinthewest.com\/wp-content\/uploads\/2018\/06\/people-icon.png&#8221; alt=&#8221;people icon&#8221; title_text=&#8221;people-icon&#8221; align=&#8221;center&#8221; _builder_version=&#8221;4.16&#8243; _module_preset=&#8221;default&#8221; global_colors_info=&#8221;{}&#8221;][\/et_pb_image][\/et_pb_column][et_pb_column type=&#8221;1_4&#8243; _builder_version=&#8221;4.16&#8243; _module_preset=&#8221;default&#8221; background_color=&#8221;#FFFFFF&#8221; custom_padding=&#8221;45px|30px|45px|30px|false|false&#8221; global_colors_info=&#8221;{}&#8221;][et_pb_image src=&#8221;https:\/\/soldinthewest.com\/wp-content\/uploads\/2018\/06\/on-call-icon.png&#8221; alt=&#8221;on call icon&#8221; title_text=&#8221;on-call-icon&#8221; align=&#8221;center&#8221; _builder_version=&#8221;4.16&#8243; _module_preset=&#8221;default&#8221; global_colors_info=&#8221;{}&#8221;][\/et_pb_image][\/et_pb_column][\/et_pb_row][et_pb_row _builder_version=&#8221;4.16&#8243; _module_preset=&#8221;default&#8221; global_colors_info=&#8221;{}&#8221;][et_pb_column type=&#8221;4_4&#8243; _builder_version=&#8221;4.16&#8243; _module_preset=&#8221;default&#8221; background_color=&#8221;#FFFFFF&#8221; custom_padding=&#8221;45px|30px|45px|30px|false|false&#8221; global_colors_info=&#8221;{}&#8221;][et_pb_text admin_label=&#8221;We offer an extensive range&#8230;&#8221; _builder_version=&#8221;4.21.0&#8243; background_size=&#8221;initial&#8221; background_position=&#8221;top_left&#8221; background_repeat=&#8221;repeat&#8221; global_colors_info=&#8221;{}&#8221;]<\/p>\n<h2>Nous offrons une gamme \u00e9tendue de services professionnels dans le domaine de l&#8217;immobilier:<\/h2>\n<ul>\n<li><strong>Services de marketing:<\/strong> Nous proposons des plans de marketing sur mesure, une forte pr\u00e9sence sur le web et du mat\u00e9riel promotionnel prim\u00e9 pour la publicit\u00e9 num\u00e9rique et imprim\u00e9e.<\/li>\n<li><strong>Services hypoth\u00e9caires:<\/strong> Nous travaillons avec des partenaires accr\u00e9dit\u00e9s qui collaborent avec des institutions financi\u00e8res pour vous offrir un taux hypoth\u00e9caire comp\u00e9titif.<\/li>\n<li><strong>Services d&#8217;inspection:<\/strong> En faisant appel \u00e0 des experts de l&#8217;industrie, nous nous assurons que tous les biens sont inspect\u00e9s minutieusement afin de d\u00e9celer tout probl\u00e8me ou toute pr\u00e9occupation.<\/li>\n<li><strong>Services d&#8217;assurance:<\/strong> Notre liste d&#8217;entreprises professionnelles, r\u00e9guli\u00e8rement mise \u00e0 jour, nous permet de vous fournir des connexions de qualit\u00e9 pour les services d&#8217;assurance.<\/li>\n<li><strong>Services d&#8217;analyse des investissements:<\/strong> Gr\u00e2ce \u00e0 un processus d&#8217;analyse et d&#8217;\u00e9valuation, nous vous orientons vers des biens d&#8217;investissement rentables afin de vous assurer un rendement \u00e0 long terme.<\/li>\n<li><strong>Services de r\u00e9f\u00e9rence:<\/strong> Que vous soyez \u00e0 la recherche d&#8217;un notaire ou d&#8217;un homme \u00e0 tout faire, nous pouvons vous fournir des r\u00e9f\u00e9rences fiables pour tout service dont vous avez besoin au cours de votre exp\u00e9rience immobili\u00e8re.<\/li>\n<\/ul>\n<p>[\/et_pb_text][et_pb_text admin_label=&#8221;But, what makes dealing with a realtor&#8230;&#8221; _builder_version=&#8221;4.21.0&#8243; background_size=&#8221;initial&#8221; background_position=&#8221;top_left&#8221; background_repeat=&#8221;repeat&#8221; global_colors_info=&#8221;{}&#8221;]<\/p>\n<h2>Qu&#8217;est-ce qui fait de la relation avec un courtier immobilier une exp\u00e9rience unique ?<\/h2>\n<p>En un mot : l&#8217;exp\u00e9rience. En raison du grand nombre de transactions immobili\u00e8res auxquelles un courtier immobilier exp\u00e9riment\u00e9 a particip\u00e9 au fil des ans, vous pouvez vous attendre \u00e0 ce qu&#8217;il n&#8217;y ait pas de situation, de probl\u00e8me ou d&#8217;opportunit\u00e9 qu&#8217;il n&#8217;ait pas d\u00e9j\u00e0 rencontr\u00e9. Vous pouvez donc vous fier \u00e0 ses conseils, car ils ont \u00e9t\u00e9 test\u00e9s et \u00e9prouv\u00e9s. Au fil des ans, le courtier immobilier exp\u00e9riment\u00e9 a explor\u00e9 les diff\u00e9rentes entreprises avec lesquelles vous pouvez traiter dans votre r\u00e9gion et, par cons\u00e9quent, il peut vous \u00e9clairer sur les inspecteurs \u00e0 \u00e9viter et les notaires id\u00e9aux avec lesquels vous devriez travailler. De plus, il peut vous aider \u00e0 obtenir un taux d&#8217;int\u00e9r\u00eat hypoth\u00e9caire comp\u00e9titif !<\/p>\n<p>[\/et_pb_text][\/et_pb_column][\/et_pb_row][et_pb_row _builder_version=&#8221;4.16&#8243; _module_preset=&#8221;default&#8221; global_colors_info=&#8221;{}&#8221;][et_pb_column type=&#8221;4_4&#8243; _builder_version=&#8221;4.16&#8243; _module_preset=&#8221;default&#8221; background_color=&#8221;#FFFFFF&#8221; custom_padding=&#8221;45px|30px|45px|30px|false|false&#8221; global_colors_info=&#8221;{}&#8221;][et_pb_text admin_label=&#8221;Eric Taranowski | What makes his services special?&#8221; _builder_version=&#8221;4.21.0&#8243; background_size=&#8221;initial&#8221; background_position=&#8221;top_left&#8221; background_repeat=&#8221;repeat&#8221; global_colors_info=&#8221;{}&#8221;]<\/p>\n<h1>Eric Taranowski | Qu&#8217;est-ce qui fait la sp\u00e9cificit\u00e9 de ses services?<\/h1>\n<ul>\n<li>Plus de 30 ans d&#8217;exp\u00e9rience.<\/li>\n<li>Membre du \u201cLeader\u2019s Circle\u201d.<\/li>\n<li>Est affili\u00e9 \u00e0 M Immobilier | Luxury Portfolio International.<\/li>\n<li>Il a re\u00e7u de nombreux prix et distinctions tout au long de sa carri\u00e8re, ce qui le classe parmi les meilleurs courtiers du pays.<\/li>\n<li>Annonce le bien du vendeur sur les sites immobiliers les plus performants, notamment mimmobilier.com et soldinthewest.com.<\/li>\n<li>Fournit un solide r\u00e9seau d&#8217;organisations professionnelles pour vous aider.<\/li>\n<li>Poss\u00e8de de nombreux <a href=\"https:\/\/soldinthewest.com\/fr\/temoignages\/\">t\u00e9moignages positifs<\/a> de clients qui ont fait appel \u00e0 l&#8217;expertise d&#8217;Eric.<\/li>\n<li>Poss\u00e8de des comp\u00e9tences exceptionnelles en mati\u00e8re de n\u00e9gociation :\n<ul>\n<li>Aide l&#8217;acheteur \u00e0 acqu\u00e9rir le bien souhait\u00e9 dans les limites de son budget<\/li>\n<li>Agit au nom du vendeur pour vendre le bien \u00e0 la valeur la plus \u00e9lev\u00e9e<\/li>\n<\/ul>\n<\/li>\n<\/ul>\n<p>[\/et_pb_text][et_pb_button button_url=&#8221;@ET-DC@eyJkeW5hbWljIjp0cnVlLCJjb250ZW50IjoicG9zdF9saW5rX3VybF9wYWdlIiwic2V0dGluZ3MiOnsicG9zdF9pZCI6IjIxMDYifX0=@&#8221; button_text=&#8221;Apprenez-en plus sur Eric&#8221; _builder_version=&#8221;4.21.0&#8243; _dynamic_attributes=&#8221;button_url&#8221; _module_preset=&#8221;default&#8221; global_colors_info=&#8221;{}&#8221;][\/et_pb_button][\/et_pb_column][\/et_pb_row][\/et_pb_section]<\/p>\n<!-- AddThis Advanced Settings generic via filter on the_content --><!-- AddThis Share Buttons generic via filter on the_content -->","protected":false},"excerpt":{"rendered":"<p><!-- AddThis Advanced Settings generic via filter on the_excerpt --><!-- AddThis Share Buttons generic via filter on the_excerpt --><\/p>\n","protected":false},"author":5,"featured_media":0,"parent":0,"menu_order":30,"comment_status":"closed","ping_status":"closed","template":"","meta":{"_et_pb_use_builder":"on","_et_pb_old_content":"","_et_gb_content_width":"","footnotes":""},"class_list":["post-4349","page","type-page","status-publish","hentry"],"yoast_head":"<!-- This site is optimized with the Yoast SEO plugin v27.3 - https:\/\/yoast.com\/product\/yoast-seo-wordpress\/ -->\n<title>Services de courtier immobilier | Sold In The West<\/title>\n<meta name=\"robots\" content=\"index, follow, max-snippet:-1, max-image-preview:large, max-video-preview:-1\" \/>\n<link rel=\"canonical\" href=\"https:\/\/soldinthewest.com\/fr\/__trashed-3\/\" \/>\n<meta property=\"og:locale\" content=\"fr_FR\" \/>\n<meta property=\"og:type\" content=\"article\" \/>\n<meta property=\"og:title\" content=\"Services de courtier immobilier | Sold In The West\" \/>\n<meta property=\"og:description\" content=\"Quels services immobiliers professionnels pouvez-vous acqu\u00e9rir aupr\u00e8s d&#039;agents immobiliers exp\u00e9riment\u00e9s\u00a0? D\u00e9couvrez les diff\u00e9rents avantages dont vous pouvez b\u00e9n\u00e9ficier lorsque vous travaillez main dans la main avec un agent immobilier.\" \/>\n<meta property=\"og:url\" content=\"https:\/\/soldinthewest.com\/fr\/__trashed-3\/\" \/>\n<meta property=\"og:site_name\" content=\"Sold In The West\" \/>\n<meta property=\"article:publisher\" content=\"https:\/\/www.facebook.com\/soldinthewest\/\" \/>\n<meta property=\"article:modified_time\" content=\"2023-06-28T19:07:40+00:00\" \/>\n<meta name=\"twitter:card\" content=\"summary_large_image\" \/>\n<meta name=\"twitter:site\" content=\"@Sold_intheWest\" \/>\n<meta name=\"twitter:label1\" content=\"Dur\u00e9e de lecture estim\u00e9e\" \/>\n\t<meta name=\"twitter:data1\" content=\"5 minutes\" \/>\n<script type=\"application\/ld+json\" class=\"yoast-schema-graph\">{\"@context\":\"https:\\\/\\\/schema.org\",\"@graph\":[{\"@type\":\"WebPage\",\"@id\":\"https:\\\/\\\/soldinthewest.com\\\/fr\\\/__trashed-3\\\/\",\"url\":\"https:\\\/\\\/soldinthewest.com\\\/fr\\\/__trashed-3\\\/\",\"name\":\"Services de courtier immobilier | Sold In The West\",\"isPartOf\":{\"@id\":\"https:\\\/\\\/soldinthewest.com\\\/fr\\\/#website\"},\"datePublished\":\"2022-02-22T21:42:46+00:00\",\"dateModified\":\"2023-06-28T19:07:40+00:00\",\"description\":\"Quels services immobiliers professionnels pouvez-vous acqu\u00e9rir aupr\u00e8s d'agents immobiliers exp\u00e9riment\u00e9s\u00a0? D\u00e9couvrez les diff\u00e9rents avantages dont vous pouvez b\u00e9n\u00e9ficier lorsque vous travaillez main dans la main avec un agent immobilier.\",\"breadcrumb\":{\"@id\":\"https:\\\/\\\/soldinthewest.com\\\/fr\\\/__trashed-3\\\/#breadcrumb\"},\"inLanguage\":\"fr-FR\",\"potentialAction\":[{\"@type\":\"ReadAction\",\"target\":[\"https:\\\/\\\/soldinthewest.com\\\/fr\\\/__trashed-3\\\/\"]}]},{\"@type\":\"BreadcrumbList\",\"@id\":\"https:\\\/\\\/soldinthewest.com\\\/fr\\\/__trashed-3\\\/#breadcrumb\",\"itemListElement\":[{\"@type\":\"ListItem\",\"position\":1,\"name\":\"Home\",\"item\":\"https:\\\/\\\/soldinthewest.com\\\/fr\\\/\"},{\"@type\":\"ListItem\",\"position\":2,\"name\":\"Services de courtier immobilier\"}]},{\"@type\":\"WebSite\",\"@id\":\"https:\\\/\\\/soldinthewest.com\\\/fr\\\/#website\",\"url\":\"https:\\\/\\\/soldinthewest.com\\\/fr\\\/\",\"name\":\"Sold In The West\",\"description\":\"West Island Real Estate\",\"publisher\":{\"@id\":\"https:\\\/\\\/soldinthewest.com\\\/fr\\\/#organization\"},\"potentialAction\":[{\"@type\":\"SearchAction\",\"target\":{\"@type\":\"EntryPoint\",\"urlTemplate\":\"https:\\\/\\\/soldinthewest.com\\\/fr\\\/?s={search_term_string}\"},\"query-input\":{\"@type\":\"PropertyValueSpecification\",\"valueRequired\":true,\"valueName\":\"search_term_string\"}}],\"inLanguage\":\"fr-FR\"},{\"@type\":\"Organization\",\"@id\":\"https:\\\/\\\/soldinthewest.com\\\/fr\\\/#organization\",\"name\":\"Sold in the west\",\"url\":\"https:\\\/\\\/soldinthewest.com\\\/fr\\\/\",\"logo\":{\"@type\":\"ImageObject\",\"inLanguage\":\"fr-FR\",\"@id\":\"https:\\\/\\\/soldinthewest.com\\\/fr\\\/#\\\/schema\\\/logo\\\/image\\\/\",\"url\":\"https:\\\/\\\/soldinthewest.com\\\/wp-content\\\/uploads\\\/2016\\\/11\\\/soldinthewest-logo-west-island-real-estate-mobile.png\",\"contentUrl\":\"https:\\\/\\\/soldinthewest.com\\\/wp-content\\\/uploads\\\/2016\\\/11\\\/soldinthewest-logo-west-island-real-estate-mobile.png\",\"width\":653,\"height\":592,\"caption\":\"Sold in the west\"},\"image\":{\"@id\":\"https:\\\/\\\/soldinthewest.com\\\/fr\\\/#\\\/schema\\\/logo\\\/image\\\/\"},\"sameAs\":[\"https:\\\/\\\/www.facebook.com\\\/soldinthewest\\\/\",\"https:\\\/\\\/x.com\\\/Sold_intheWest\",\"https:\\\/\\\/www.linkedin.com\\\/in\\\/sold-in-the-west-99589075\"]}]}<\/script>\n<!-- \/ Yoast SEO plugin. -->","yoast_head_json":{"title":"Services de courtier immobilier | Sold In The West","robots":{"index":"index","follow":"follow","max-snippet":"max-snippet:-1","max-image-preview":"max-image-preview:large","max-video-preview":"max-video-preview:-1"},"canonical":"https:\/\/soldinthewest.com\/fr\/__trashed-3\/","og_locale":"fr_FR","og_type":"article","og_title":"Services de courtier immobilier | Sold In The West","og_description":"Quels services immobiliers professionnels pouvez-vous acqu\u00e9rir aupr\u00e8s d'agents immobiliers exp\u00e9riment\u00e9s\u00a0? D\u00e9couvrez les diff\u00e9rents avantages dont vous pouvez b\u00e9n\u00e9ficier lorsque vous travaillez main dans la main avec un agent immobilier.","og_url":"https:\/\/soldinthewest.com\/fr\/__trashed-3\/","og_site_name":"Sold In The West","article_publisher":"https:\/\/www.facebook.com\/soldinthewest\/","article_modified_time":"2023-06-28T19:07:40+00:00","twitter_card":"summary_large_image","twitter_site":"@Sold_intheWest","twitter_misc":{"Dur\u00e9e de lecture estim\u00e9e":"5 minutes"},"schema":{"@context":"https:\/\/schema.org","@graph":[{"@type":"WebPage","@id":"https:\/\/soldinthewest.com\/fr\/__trashed-3\/","url":"https:\/\/soldinthewest.com\/fr\/__trashed-3\/","name":"Services de courtier immobilier | Sold In The West","isPartOf":{"@id":"https:\/\/soldinthewest.com\/fr\/#website"},"datePublished":"2022-02-22T21:42:46+00:00","dateModified":"2023-06-28T19:07:40+00:00","description":"Quels services immobiliers professionnels pouvez-vous acqu\u00e9rir aupr\u00e8s d'agents immobiliers exp\u00e9riment\u00e9s\u00a0? D\u00e9couvrez les diff\u00e9rents avantages dont vous pouvez b\u00e9n\u00e9ficier lorsque vous travaillez main dans la main avec un agent immobilier.","breadcrumb":{"@id":"https:\/\/soldinthewest.com\/fr\/__trashed-3\/#breadcrumb"},"inLanguage":"fr-FR","potentialAction":[{"@type":"ReadAction","target":["https:\/\/soldinthewest.com\/fr\/__trashed-3\/"]}]},{"@type":"BreadcrumbList","@id":"https:\/\/soldinthewest.com\/fr\/__trashed-3\/#breadcrumb","itemListElement":[{"@type":"ListItem","position":1,"name":"Home","item":"https:\/\/soldinthewest.com\/fr\/"},{"@type":"ListItem","position":2,"name":"Services de courtier immobilier"}]},{"@type":"WebSite","@id":"https:\/\/soldinthewest.com\/fr\/#website","url":"https:\/\/soldinthewest.com\/fr\/","name":"Sold In The West","description":"West Island Real Estate","publisher":{"@id":"https:\/\/soldinthewest.com\/fr\/#organization"},"potentialAction":[{"@type":"SearchAction","target":{"@type":"EntryPoint","urlTemplate":"https:\/\/soldinthewest.com\/fr\/?s={search_term_string}"},"query-input":{"@type":"PropertyValueSpecification","valueRequired":true,"valueName":"search_term_string"}}],"inLanguage":"fr-FR"},{"@type":"Organization","@id":"https:\/\/soldinthewest.com\/fr\/#organization","name":"Sold in the west","url":"https:\/\/soldinthewest.com\/fr\/","logo":{"@type":"ImageObject","inLanguage":"fr-FR","@id":"https:\/\/soldinthewest.com\/fr\/#\/schema\/logo\/image\/","url":"https:\/\/soldinthewest.com\/wp-content\/uploads\/2016\/11\/soldinthewest-logo-west-island-real-estate-mobile.png","contentUrl":"https:\/\/soldinthewest.com\/wp-content\/uploads\/2016\/11\/soldinthewest-logo-west-island-real-estate-mobile.png","width":653,"height":592,"caption":"Sold in the west"},"image":{"@id":"https:\/\/soldinthewest.com\/fr\/#\/schema\/logo\/image\/"},"sameAs":["https:\/\/www.facebook.com\/soldinthewest\/","https:\/\/x.com\/Sold_intheWest","https:\/\/www.linkedin.com\/in\/sold-in-the-west-99589075"]}]}},"_links":{"self":[{"href":"https:\/\/soldinthewest.com\/fr\/wp-json\/wp\/v2\/pages\/4349","targetHints":{"allow":["GET"]}}],"collection":[{"href":"https:\/\/soldinthewest.com\/fr\/wp-json\/wp\/v2\/pages"}],"about":[{"href":"https:\/\/soldinthewest.com\/fr\/wp-json\/wp\/v2\/types\/page"}],"author":[{"embeddable":true,"href":"https:\/\/soldinthewest.com\/fr\/wp-json\/wp\/v2\/users\/5"}],"replies":[{"embeddable":true,"href":"https:\/\/soldinthewest.com\/fr\/wp-json\/wp\/v2\/comments?post=4349"}],"version-history":[{"count":5,"href":"https:\/\/soldinthewest.com\/fr\/wp-json\/wp\/v2\/pages\/4349\/revisions"}],"predecessor-version":[{"id":6458,"href":"https:\/\/soldinthewest.com\/fr\/wp-json\/wp\/v2\/pages\/4349\/revisions\/6458"}],"wp:attachment":[{"href":"https:\/\/soldinthewest.com\/fr\/wp-json\/wp\/v2\/media?parent=4349"}],"curies":[{"name":"wp","href":"https:\/\/api.w.org\/{rel}","templated":true}]}}