{"id":5683,"date":"2022-02-22T17:01:44","date_gmt":"2022-02-22T21:01:44","guid":{"rendered":"https:\/\/dev.soldinthewest.com\/louest-de-lile\/baie-durfe\/"},"modified":"2022-02-22T17:07:55","modified_gmt":"2022-02-22T21:07:55","slug":"baie-durfe","status":"publish","type":"page","link":"https:\/\/soldinthewest.com\/fr\/louest-de-lile\/baie-durfe\/","title":{"rendered":"Baie d\u2019Urf\u00e9"},"content":{"rendered":"<p>[et_pb_section fb_built=&#8221;1&#8243; _builder_version=&#8221;4.14.8&#8243; _module_preset=&#8221;default&#8221; background_color=&#8221;RGBA(255,255,255,0)&#8221; global_colors_info=&#8221;{}&#8221;][et_pb_row _builder_version=&#8221;4.14.8&#8243; background_size=&#8221;initial&#8221; background_position=&#8221;top_left&#8221; background_repeat=&#8221;repeat&#8221; custom_padding=&#8221;||0px||false|false&#8221; global_colors_info=&#8221;{}&#8221;][et_pb_column type=&#8221;4_4&#8243; _builder_version=&#8221;3.25&#8243; custom_padding=&#8221;|||&#8221; global_colors_info=&#8221;{}&#8221; custom_padding__hover=&#8221;|||&#8221;][et_pb_post_title meta=&#8221;off&#8221; featured_image=&#8221;off&#8221; _builder_version=&#8221;4.14.8&#8243; _module_preset=&#8221;default&#8221; title_text_color=&#8221;#000000&#8243; title_font_size=&#8221;30px&#8221; global_colors_info=&#8221;{}&#8221;][\/et_pb_post_title][\/et_pb_column][\/et_pb_row][et_pb_row column_structure=&#8221;2_3,1_3&#8243; _builder_version=&#8221;4.14.8&#8243; _module_preset=&#8221;default&#8221; hover_enabled=&#8221;0&#8243; global_colors_info=&#8221;{}&#8221; sticky_enabled=&#8221;0&#8243;][et_pb_column type=&#8221;2_3&#8243; _builder_version=&#8221;4.14.8&#8243; _module_preset=&#8221;default&#8221; background_color=&#8221;#FFFFFF&#8221; custom_padding=&#8221;45px|30px|45px|30px|false|false&#8221; global_colors_info=&#8221;{}&#8221;][et_pb_text admin_label=&#8221;Text&#8221; _builder_version=&#8221;4.14.8&#8243; background_size=&#8221;initial&#8221; background_position=&#8221;top_left&#8221; background_repeat=&#8221;repeat&#8221; global_colors_info=&#8221;{}&#8221;]<\/p>\n<h1>L\u2019H\u00d4TEL DE VILLE DE BAIE-D\u2019URF\u00c9, un \u00e9difice intimement li\u00e9 \u00e0 la cr\u00e9ation de la ville.<\/h1>\n<p>L&#8217;histoire de la colonisation \u00e0 Baie-D&#8217;Urf\u00e9 remonte \u00e0 l&#8217;arriv\u00e9e des premiers colons fran\u00e7ais \u00e0 la fin du 17e si\u00e8cle. Mais peu de d\u00e9veloppement r\u00e9el s&#8217;est produit jusqu&#8217;\u00e0 l&#8217;arriv\u00e9e du chemin de fer dans la seconde moiti\u00e9 du 19e si\u00e8cle.<\/p>\n<p>C&#8217;est \u00e0 cette \u00e9poque que les familles ais\u00e9es, s\u00e9duites par l&#8217;id\u00e9al du gentleman-farmer, arrivent en masse dans la r\u00e9gion, rapidement suivies par les citadins ais\u00e9s qui cherchent \u00e0 construire de belles maisons de campagne au bord du lac.<\/p>\n<p><strong>\u00c0 la suite de ce changement d\u00e9mographique, Baie-D&#8217;Urf\u00e9 obtient sa charte de ville en 1911 et porte le nom de son premier cur\u00e9 r\u00e9sident.<\/strong><\/p>\n<p>La premi\u00e8re r\u00e9union du conseil a eu lieu le 10 juillet de la m\u00eame ann\u00e9e. Cependant, aucune \u00e9lection n&#8217;a eu lieu. Au lieu de cela, la mairesse Vivian de Vere Dowker et ses conseillers Moise C. Bezner, Alfred Brunet, Charles E. Gudewill, Norwood M. Lash, Edward Maxwell et Fred J. Shaw ont tous \u00e9t\u00e9 acclam\u00e9s. Lors de cette premi\u00e8re rencontre, James Morgan, un riche habitant et l&#8217;un des fondateurs de la ville, annonce qu&#8217;il fera don d&#8217;une propri\u00e9t\u00e9 au bord du lac pour la construction d&#8217;un h\u00f4tel de ville, ainsi que pour la cr\u00e9ation d&#8217;un parc et d&#8217;une route d&#8217;acc\u00e8s pour le plaisir des tous les r\u00e9sidents. La donation de Morgan est devenue officielle en octobre 1912, avec le don d&#8217;une ferme \u00e0 ossature blanche \u00e0 transformer en mairie. La ferme de style Second Empire, construite en 1875, avait \u00e9t\u00e9 acquise par Morgan en 1909.<\/p>\n<p><strong>Un architecte de renom supervise les r\u00e9novations<\/strong><\/p>\n<p>L&#8217;architecte et conseiller municipal de renom, Edward Maxwell, s&#8217;est port\u00e9 volontaire pour concevoir et superviser les r\u00e9novations du b\u00e2timent. Ce n&#8217;\u00e9tait en aucun cas le premier projet de Maxwell. Entre autres, il avait \u00e9t\u00e9 l&#8217;architecte du prestigieux magasin Birks de Montr\u00e9al et l&#8217;architecte de nombreuses somptueuses maisons appartenant aux personnes les plus riches et les plus influentes de la ville. Pour donner \u00e0 l&#8217;h\u00f4tel de ville un caract\u00e8re public, Maxwell ajoute une entr\u00e9e de style palladien et un grand porche couvert orn\u00e9 d&#8217;\u00e9l\u00e9ments d\u00e9coratifs.<\/p>\n<p><strong>Fran\u00e7ois-Saturnin Lascaris d&#8217;Urf\u00e9 (1641-1701)<\/strong><\/p>\n<p>N\u00e9 \u00e0 Baug\u00e9, France en 1641, Fran\u00e7ois-Saturnin Lascaris d&#8217;Urf\u00e9 \u00e9tait le fils de Charles-Emmanuel, marquis d&#8217;Urf\u00e9 et de Baug\u00e9, et de Marguerite d&#8217;All\u00e8gre. Cette noble famille \u00e9tait apparent\u00e9e \u00e0 l&#8217;illustre maison grecque des Lascaris qui avait autrefois occup\u00e9 le tr\u00f4ne de Constantinople.<\/p>\n<p><strong>Fran\u00e7ois-Saturnin Lascaris d&#8217;Urf\u00e9 entre au s\u00e9minaire Saint-Sulpice de Paris en 1660 et y est ordonn\u00e9 pr\u00eatre en 1665.<\/strong><\/p>\n<p>\u00c0 sa demande, il s&#8217;embarque pour la Nouvelle-France \u00e0 l&#8217;automne 1668. L\u00e0, il passe quatre ans dans une mission chez les Am\u00e9rindiens, avant d&#8217;\u00eatre nomm\u00e9 \u00e0 la mission de Gentilly (Dorval).<br \/>\nCependant, d&#8217;Urf\u00e9 se trouva en d\u00e9saccord avec le gouverneur Frontenac et retourna en France pour plaider sa cause aupr\u00e8s de Colbert, ministre du roi Louis XIV, et avec qui il \u00e9tait li\u00e9 par des liens familiaux. Colbert intervient et supplie le gouverneur de montrer au cur\u00e9 \u00ab quelque signe de consid\u00e9ration particuli\u00e8re \u00bb.<\/p>\n<p>De retour en Nouvelle-France en 1685, Lascaris d&#8217;Urf\u00e9 est nomm\u00e9 premier cur\u00e9 r\u00e9sident de la paroisse de Saint-Louis-du-Haut-de-l&#8217;\u00cele, dont la chapelle, dit-on, se dresse sur une pointe dite Pointe- \u00e0-Caron (qui fait maintenant partie de l&#8217;actuelle Baie-D&#8217;Urf\u00e9).<\/p>\n<p><strong>\u00c0 l&#8217;automne 1687, la petite paroisse est attaqu\u00e9e par les Iroquois.<\/strong><\/p>\n<p>Le pr\u00eatre \u00e9chappe de justesse aux guerriers am\u00e9rindiens qui font pourtant de nombreuses victimes parmi les colons fran\u00e7ais. Peu de temps apr\u00e8s cet \u00e9v\u00e9nement dramatique, Lascaris d&#8217;Urf\u00e9 est rappel\u00e9 en France pour des raisons familiales. En 1697, il se retire dans son ch\u00e2teau de Baug\u00e9, o\u00f9 il meurt en 1701.<\/p>\n<p>M. Thomas-Roche Lee, maire de Baie-D&#8217;Urf\u00e9 dans les ann\u00e9es 1960, examinant l&#8217;\u00e9cu d&#8217;Urf\u00e9 grav\u00e9 sous la coupe d&#8217;argent de Fran\u00e7ois d&#8217;Urf\u00e9, conserv\u00e9 \u00e0 la cath\u00e9drale Notre-Dame de Montr\u00e9al.<\/p>\n<p><strong>Mais le nom de Fran\u00e7ois-Saturnin Lascaris d&#8217;Urf\u00e9 ne marquera la toponymie de Baie-D&#8217;Urf\u00e9 que longtemps apr\u00e8s son bref s\u00e9jour sur l&#8217;\u00eele de Montr\u00e9al.<\/strong><\/p>\n<p>Il a fallu attendre 1902 pour que certains citoyens enclins \u00e0 l&#8217;histoire demandent que la station Bayview du village soit chang\u00e9e en Baie d&#8217;Urf\u00e9. Au moment o\u00f9 l&#8217;incorporation de la ville a \u00e9t\u00e9 annonc\u00e9e huit ans plus tard, l&#8217;id\u00e9e avait pris racine et la ville a \u00e9t\u00e9 officiellement nomm\u00e9e Baie-D&#8217;Urf\u00e9. Le blason de la ville, dessin\u00e9 en 1961, est largement inspir\u00e9 de celui de Fran\u00e7ois-Saturnin Lascaris d&#8217;Urf\u00e9.[\/et_pb_text][\/et_pb_column][et_pb_column type=&#8221;1_3&#8243; _builder_version=&#8221;4.14.8&#8243; _module_preset=&#8221;default&#8221; background_color=&#8221;#FFFFFF&#8221; custom_padding=&#8221;45px|30px|45px|30px|false|false&#8221; hover_enabled=&#8221;0&#8243; global_colors_info=&#8221;{}&#8221; sticky_position=&#8221;top&#8221; sticky_offset_top=&#8221;45px&#8221; sticky_enabled=&#8221;0&#8243;][et_pb_sidebar area=&#8221;sidebar-1&#8243; show_border=&#8221;off&#8221; _builder_version=&#8221;4.14.8&#8243; _module_preset=&#8221;default&#8221; global_colors_info=&#8221;{}&#8221;][\/et_pb_sidebar][\/et_pb_column][\/et_pb_row][\/et_pb_section]<\/p>\n<!-- AddThis Advanced Settings generic via filter on the_content --><!-- AddThis Share Buttons generic via filter on the_content -->","protected":false},"excerpt":{"rendered":"<p><!-- AddThis Advanced Settings generic via filter on the_excerpt --><!-- AddThis Share Buttons generic via filter on the_excerpt --><\/p>\n","protected":false},"author":4,"featured_media":0,"parent":3723,"menu_order":0,"comment_status":"closed","ping_status":"closed","template":"","meta":{"_et_pb_use_builder":"on","_et_pb_old_content":"","_et_gb_content_width":"","footnotes":""},"class_list":["post-5683","page","type-page","status-publish","hentry"],"yoast_head":"<!-- This site is optimized with the Yoast SEO plugin v27.3 - https:\/\/yoast.com\/product\/yoast-seo-wordpress\/ -->\n<title>H\u00f4tel de ville de Baie d&#039;Urf\u00e9 | Sold In The West<\/title>\n<meta name=\"robots\" content=\"index, follow, max-snippet:-1, max-image-preview:large, max-video-preview:-1\" \/>\n<link rel=\"canonical\" href=\"https:\/\/soldinthewest.com\/fr\/louest-de-lile\/baie-durfe\/\" \/>\n<meta property=\"og:locale\" content=\"fr_FR\" \/>\n<meta property=\"og:type\" content=\"article\" \/>\n<meta property=\"og:title\" content=\"H\u00f4tel de ville de Baie d&#039;Urf\u00e9 | Sold In The West\" \/>\n<meta property=\"og:description\" content=\"L&#039;histoire de la colonisation \u00e0 Baie-D&#039;Urf\u00e9 remonte \u00e0 l&#039;arriv\u00e9e des premiers colons fran\u00e7ais \u00e0 la fin du 17e si\u00e8cle. Mais peu de vrai d\u00e9veloppement...\" \/>\n<meta property=\"og:url\" content=\"https:\/\/soldinthewest.com\/fr\/louest-de-lile\/baie-durfe\/\" \/>\n<meta property=\"og:site_name\" content=\"Sold In The West\" \/>\n<meta property=\"article:publisher\" content=\"https:\/\/www.facebook.com\/soldinthewest\/\" \/>\n<meta property=\"article:modified_time\" content=\"2022-02-22T21:07:55+00:00\" \/>\n<meta name=\"twitter:card\" content=\"summary_large_image\" \/>\n<meta name=\"twitter:site\" content=\"@Sold_intheWest\" \/>\n<meta name=\"twitter:label1\" content=\"Dur\u00e9e de lecture estim\u00e9e\" \/>\n\t<meta name=\"twitter:data1\" content=\"5 minutes\" \/>\n<script type=\"application\/ld+json\" class=\"yoast-schema-graph\">{\"@context\":\"https:\\\/\\\/schema.org\",\"@graph\":[{\"@type\":\"WebPage\",\"@id\":\"https:\\\/\\\/soldinthewest.com\\\/fr\\\/louest-de-lile\\\/baie-durfe\\\/\",\"url\":\"https:\\\/\\\/soldinthewest.com\\\/fr\\\/louest-de-lile\\\/baie-durfe\\\/\",\"name\":\"H\u00f4tel de ville de Baie d'Urf\u00e9 | Sold In The West\",\"isPartOf\":{\"@id\":\"https:\\\/\\\/soldinthewest.com\\\/fr\\\/#website\"},\"datePublished\":\"2022-02-22T21:01:44+00:00\",\"dateModified\":\"2022-02-22T21:07:55+00:00\",\"description\":\"L'histoire de la colonisation \u00e0 Baie-D'Urf\u00e9 remonte \u00e0 l'arriv\u00e9e des premiers colons fran\u00e7ais \u00e0 la fin du 17e si\u00e8cle. Mais peu de vrai d\u00e9veloppement...\",\"breadcrumb\":{\"@id\":\"https:\\\/\\\/soldinthewest.com\\\/fr\\\/louest-de-lile\\\/baie-durfe\\\/#breadcrumb\"},\"inLanguage\":\"fr-FR\",\"potentialAction\":[{\"@type\":\"ReadAction\",\"target\":[\"https:\\\/\\\/soldinthewest.com\\\/fr\\\/louest-de-lile\\\/baie-durfe\\\/\"]}]},{\"@type\":\"BreadcrumbList\",\"@id\":\"https:\\\/\\\/soldinthewest.com\\\/fr\\\/louest-de-lile\\\/baie-durfe\\\/#breadcrumb\",\"itemListElement\":[{\"@type\":\"ListItem\",\"position\":1,\"name\":\"Home\",\"item\":\"https:\\\/\\\/soldinthewest.com\\\/fr\\\/\"},{\"@type\":\"ListItem\",\"position\":2,\"name\":\"L\u2019Ouest-de-l\u2019\u00cele\",\"item\":\"https:\\\/\\\/soldinthewest.com\\\/fr\\\/louest-de-lile\\\/\"},{\"@type\":\"ListItem\",\"position\":3,\"name\":\"Baie d\u2019Urf\u00e9\"}]},{\"@type\":\"WebSite\",\"@id\":\"https:\\\/\\\/soldinthewest.com\\\/fr\\\/#website\",\"url\":\"https:\\\/\\\/soldinthewest.com\\\/fr\\\/\",\"name\":\"Sold In The West\",\"description\":\"West Island Real Estate\",\"publisher\":{\"@id\":\"https:\\\/\\\/soldinthewest.com\\\/fr\\\/#organization\"},\"potentialAction\":[{\"@type\":\"SearchAction\",\"target\":{\"@type\":\"EntryPoint\",\"urlTemplate\":\"https:\\\/\\\/soldinthewest.com\\\/fr\\\/?s={search_term_string}\"},\"query-input\":{\"@type\":\"PropertyValueSpecification\",\"valueRequired\":true,\"valueName\":\"search_term_string\"}}],\"inLanguage\":\"fr-FR\"},{\"@type\":\"Organization\",\"@id\":\"https:\\\/\\\/soldinthewest.com\\\/fr\\\/#organization\",\"name\":\"Sold in the west\",\"url\":\"https:\\\/\\\/soldinthewest.com\\\/fr\\\/\",\"logo\":{\"@type\":\"ImageObject\",\"inLanguage\":\"fr-FR\",\"@id\":\"https:\\\/\\\/soldinthewest.com\\\/fr\\\/#\\\/schema\\\/logo\\\/image\\\/\",\"url\":\"https:\\\/\\\/soldinthewest.com\\\/wp-content\\\/uploads\\\/2016\\\/11\\\/soldinthewest-logo-west-island-real-estate-mobile.png\",\"contentUrl\":\"https:\\\/\\\/soldinthewest.com\\\/wp-content\\\/uploads\\\/2016\\\/11\\\/soldinthewest-logo-west-island-real-estate-mobile.png\",\"width\":653,\"height\":592,\"caption\":\"Sold in the west\"},\"image\":{\"@id\":\"https:\\\/\\\/soldinthewest.com\\\/fr\\\/#\\\/schema\\\/logo\\\/image\\\/\"},\"sameAs\":[\"https:\\\/\\\/www.facebook.com\\\/soldinthewest\\\/\",\"https:\\\/\\\/x.com\\\/Sold_intheWest\",\"https:\\\/\\\/www.linkedin.com\\\/in\\\/sold-in-the-west-99589075\"]}]}<\/script>\n<!-- \/ Yoast SEO plugin. -->","yoast_head_json":{"title":"H\u00f4tel de ville de Baie d'Urf\u00e9 | Sold In The West","robots":{"index":"index","follow":"follow","max-snippet":"max-snippet:-1","max-image-preview":"max-image-preview:large","max-video-preview":"max-video-preview:-1"},"canonical":"https:\/\/soldinthewest.com\/fr\/louest-de-lile\/baie-durfe\/","og_locale":"fr_FR","og_type":"article","og_title":"H\u00f4tel de ville de Baie d'Urf\u00e9 | Sold In The West","og_description":"L'histoire de la colonisation \u00e0 Baie-D'Urf\u00e9 remonte \u00e0 l'arriv\u00e9e des premiers colons fran\u00e7ais \u00e0 la fin du 17e si\u00e8cle. Mais peu de vrai d\u00e9veloppement...","og_url":"https:\/\/soldinthewest.com\/fr\/louest-de-lile\/baie-durfe\/","og_site_name":"Sold In The West","article_publisher":"https:\/\/www.facebook.com\/soldinthewest\/","article_modified_time":"2022-02-22T21:07:55+00:00","twitter_card":"summary_large_image","twitter_site":"@Sold_intheWest","twitter_misc":{"Dur\u00e9e de lecture estim\u00e9e":"5 minutes"},"schema":{"@context":"https:\/\/schema.org","@graph":[{"@type":"WebPage","@id":"https:\/\/soldinthewest.com\/fr\/louest-de-lile\/baie-durfe\/","url":"https:\/\/soldinthewest.com\/fr\/louest-de-lile\/baie-durfe\/","name":"H\u00f4tel de ville de Baie d'Urf\u00e9 | Sold In The West","isPartOf":{"@id":"https:\/\/soldinthewest.com\/fr\/#website"},"datePublished":"2022-02-22T21:01:44+00:00","dateModified":"2022-02-22T21:07:55+00:00","description":"L'histoire de la colonisation \u00e0 Baie-D'Urf\u00e9 remonte \u00e0 l'arriv\u00e9e des premiers colons fran\u00e7ais \u00e0 la fin du 17e si\u00e8cle. Mais peu de vrai d\u00e9veloppement...","breadcrumb":{"@id":"https:\/\/soldinthewest.com\/fr\/louest-de-lile\/baie-durfe\/#breadcrumb"},"inLanguage":"fr-FR","potentialAction":[{"@type":"ReadAction","target":["https:\/\/soldinthewest.com\/fr\/louest-de-lile\/baie-durfe\/"]}]},{"@type":"BreadcrumbList","@id":"https:\/\/soldinthewest.com\/fr\/louest-de-lile\/baie-durfe\/#breadcrumb","itemListElement":[{"@type":"ListItem","position":1,"name":"Home","item":"https:\/\/soldinthewest.com\/fr\/"},{"@type":"ListItem","position":2,"name":"L\u2019Ouest-de-l\u2019\u00cele","item":"https:\/\/soldinthewest.com\/fr\/louest-de-lile\/"},{"@type":"ListItem","position":3,"name":"Baie d\u2019Urf\u00e9"}]},{"@type":"WebSite","@id":"https:\/\/soldinthewest.com\/fr\/#website","url":"https:\/\/soldinthewest.com\/fr\/","name":"Sold In The West","description":"West Island Real Estate","publisher":{"@id":"https:\/\/soldinthewest.com\/fr\/#organization"},"potentialAction":[{"@type":"SearchAction","target":{"@type":"EntryPoint","urlTemplate":"https:\/\/soldinthewest.com\/fr\/?s={search_term_string}"},"query-input":{"@type":"PropertyValueSpecification","valueRequired":true,"valueName":"search_term_string"}}],"inLanguage":"fr-FR"},{"@type":"Organization","@id":"https:\/\/soldinthewest.com\/fr\/#organization","name":"Sold in the west","url":"https:\/\/soldinthewest.com\/fr\/","logo":{"@type":"ImageObject","inLanguage":"fr-FR","@id":"https:\/\/soldinthewest.com\/fr\/#\/schema\/logo\/image\/","url":"https:\/\/soldinthewest.com\/wp-content\/uploads\/2016\/11\/soldinthewest-logo-west-island-real-estate-mobile.png","contentUrl":"https:\/\/soldinthewest.com\/wp-content\/uploads\/2016\/11\/soldinthewest-logo-west-island-real-estate-mobile.png","width":653,"height":592,"caption":"Sold in the west"},"image":{"@id":"https:\/\/soldinthewest.com\/fr\/#\/schema\/logo\/image\/"},"sameAs":["https:\/\/www.facebook.com\/soldinthewest\/","https:\/\/x.com\/Sold_intheWest","https:\/\/www.linkedin.com\/in\/sold-in-the-west-99589075"]}]}},"_links":{"self":[{"href":"https:\/\/soldinthewest.com\/fr\/wp-json\/wp\/v2\/pages\/5683","targetHints":{"allow":["GET"]}}],"collection":[{"href":"https:\/\/soldinthewest.com\/fr\/wp-json\/wp\/v2\/pages"}],"about":[{"href":"https:\/\/soldinthewest.com\/fr\/wp-json\/wp\/v2\/types\/page"}],"author":[{"embeddable":true,"href":"https:\/\/soldinthewest.com\/fr\/wp-json\/wp\/v2\/users\/4"}],"replies":[{"embeddable":true,"href":"https:\/\/soldinthewest.com\/fr\/wp-json\/wp\/v2\/comments?post=5683"}],"version-history":[{"count":5,"href":"https:\/\/soldinthewest.com\/fr\/wp-json\/wp\/v2\/pages\/5683\/revisions"}],"predecessor-version":[{"id":5697,"href":"https:\/\/soldinthewest.com\/fr\/wp-json\/wp\/v2\/pages\/5683\/revisions\/5697"}],"up":[{"embeddable":true,"href":"https:\/\/soldinthewest.com\/fr\/wp-json\/wp\/v2\/pages\/3723"}],"wp:attachment":[{"href":"https:\/\/soldinthewest.com\/fr\/wp-json\/wp\/v2\/media?parent=5683"}],"curies":[{"name":"wp","href":"https:\/\/api.w.org\/{rel}","templated":true}]}}