{"id":5686,"date":"2022-02-22T17:03:49","date_gmt":"2022-02-22T21:03:49","guid":{"rendered":"https:\/\/dev.soldinthewest.com\/louest-de-lile\/beaconsfield\/"},"modified":"2022-02-22T17:06:25","modified_gmt":"2022-02-22T21:06:25","slug":"beaconsfield","status":"publish","type":"page","link":"https:\/\/soldinthewest.com\/fr\/louest-de-lile\/beaconsfield\/","title":{"rendered":"Beaconsfield"},"content":{"rendered":"<p>[et_pb_section fb_built=&#8221;1&#8243; _builder_version=&#8221;4.14.8&#8243; _module_preset=&#8221;default&#8221; background_color=&#8221;RGBA(255,255,255,0)&#8221; global_colors_info=&#8221;{}&#8221;][et_pb_row _builder_version=&#8221;4.14.8&#8243; background_size=&#8221;initial&#8221; background_position=&#8221;top_left&#8221; background_repeat=&#8221;repeat&#8221; custom_padding=&#8221;||0px||false|false&#8221; global_colors_info=&#8221;{}&#8221;][et_pb_column type=&#8221;4_4&#8243; _builder_version=&#8221;3.25&#8243; custom_padding=&#8221;|||&#8221; global_colors_info=&#8221;{}&#8221; custom_padding__hover=&#8221;|||&#8221;][et_pb_post_title meta=&#8221;off&#8221; featured_image=&#8221;off&#8221; _builder_version=&#8221;4.14.8&#8243; _module_preset=&#8221;default&#8221; title_text_color=&#8221;#000000&#8243; title_font_size=&#8221;30px&#8221; global_colors_info=&#8221;{}&#8221;][\/et_pb_post_title][\/et_pb_column][\/et_pb_row][et_pb_row column_structure=&#8221;2_3,1_3&#8243; _builder_version=&#8221;4.14.8&#8243; _module_preset=&#8221;default&#8221; hover_enabled=&#8221;0&#8243; global_colors_info=&#8221;{}&#8221; sticky_enabled=&#8221;0&#8243;][et_pb_column type=&#8221;2_3&#8243; _builder_version=&#8221;4.14.8&#8243; _module_preset=&#8221;default&#8221; background_color=&#8221;#FFFFFF&#8221; custom_padding=&#8221;45px|30px|45px|30px|false|false&#8221; global_colors_info=&#8221;{}&#8221;][et_pb_text admin_label=&#8221;Text&#8221; _builder_version=&#8221;4.14.8&#8243; background_size=&#8221;initial&#8221; background_position=&#8221;top_left&#8221; background_repeat=&#8221;repeat&#8221; global_colors_info=&#8221;{}&#8221;]<\/p>\n<h1>Les origines de BEACONSFIELD<\/h1>\n<p>Pr\u00e9sentant un int\u00e9r\u00eat strat\u00e9gique particulier pour la d\u00e9fense non seulement de Ville-Marie, mais aussi de la traite des fourrures, il ne fallut pas longtemps pour que l&#8217;ouest de l&#8217;\u00eele de Montr\u00e9al se peuple. Les Sulpiciens, seigneurs de l&#8217;\u00eele de Montr\u00e9al depuis 1663, s&#8217;efforcent de tirer profit de leurs terres en accordant des concessions le long du lac aux nobles, riches marchands et braves soldats du glorieux r\u00e9giment de Carignan-Sali\u00e8res.<\/p>\n<p>La premi\u00e8re concession sur le territoire actuel de Beaconsfield est accord\u00e9e \u00e0 Jean Guenet en 1678. Chapelier de m\u00e9tier, Guenet est \u00e9galement contr\u00f4leur des terres du roi et percepteur des seigneurs de l&#8217;\u00eele de Montr\u00e9al. Par ces r\u00f4les et ses relations cordiales avec les Sulpiciens, Guenet d\u00e9couvre les environs et recherche les meilleures terres. Il acquiert un terrain riverain de 4 arpents de largeur sur 20 arpents de profondeur, qui deviendra le lieu de naissance de Beaconsfield. Il l&#8217;a nomm\u00e9e Pointe de Beau Repaire (Beaurepaire). Aujourd&#8217;hui, ce site est mieux connu sous le nom de Thompson Point. Guenet allait acqu\u00e9rir d&#8217;autres concessions dans l&#8217;ouest de l&#8217;\u00eele, dont une partie de la concession de Bellevue \u00e0 Sainte-Anne et une autre \u00e0 Lachine. D&#8217;autres colons l&#8217;ont rejoint.<\/p>\n<p><strong>La Grande Paix au secours du d\u00e9veloppement<\/strong><\/p>\n<p>Pourtant, le d\u00e9veloppement de l&#8217;ouest de l&#8217;\u00eele de Montr\u00e9al a \u00e9t\u00e9 frein\u00e9 par sa vuln\u00e9rabilit\u00e9 aux attentats. Vivre hors des remparts de Ville-Marie \u00e9tait en effet p\u00e9rilleux car l&#8217;hostilit\u00e9 des tribus am\u00e9rindiennes en guerre contre les Fran\u00e7ais mena\u00e7ait constamment les efforts de colonisation naissants. Plusieurs colons fran\u00e7ais sont massacr\u00e9s en 1689 lors d&#8217;un raid iroquois sur Lachine, stoppant pour un temps l&#8217;expansion de la r\u00e9gion. La Grande Paix de 1701 entre les Fran\u00e7ais et les Am\u00e9rindiens relance la colonisation non seulement dans l&#8217;Ouest-de-l&#8217;\u00cele, mais partout \u00e0 l&#8217;ext\u00e9rieur de Ville-Marie. L&#8217;Ouest-de-l&#8217;\u00cele a enfin pu grandir.<\/p>\n<p>Beaurepaire se d\u00e9veloppe progressivement tout au long du XVIIIe si\u00e8cle. L&#8217;arriv\u00e9e du chemin de fer dans la seconde moiti\u00e9 du XIXe si\u00e8cle donne un nouvel \u00e9lan \u00e0 son expansion. En fait, le train a permis \u00e0 de nombreuses familles ais\u00e9es n\u00e9es de la r\u00e9volution industrielle d&#8217;envisager de vivre l&#8217;id\u00e9al romantique du gentleman-farmer. Les vastes terres de Beaurepaire et des environs accueillent rapidement ces personnes ais\u00e9es qui construisent de somptueuses demeures sur de grands domaines. Une deuxi\u00e8me vague de riches colons a suivi, peuplant Beaurepaire en construisant des r\u00e9sidences d&#8217;\u00e9t\u00e9 au bord de l&#8217;eau o\u00f9 ils pouvaient \u00e9chapper \u00e0 l&#8217;agitation de la ville et profiter de l&#8217;air frais.<\/p>\n<p>Cela a quelque peu modifi\u00e9 la d\u00e9mographie de Beaurepaire au cours de la seconde moiti\u00e9 du 19e si\u00e8cle. \u00c0 l&#8217;instar de plusieurs autres villes, les 375 habitants de Beaurepaire se retrouvent r\u00e9sidents d&#8217;une toute nouvelle ville lors de l&#8217;incorporation de Beaconsfield le 4 juin 1910. La s\u00e9ance inaugurale du conseil municipal, pr\u00e9sid\u00e9e par le maire Joseph-L\u00e9onide Perron, se tient le mois suivant dans une modeste \u00e9cole du vieux village.<\/p>\n<p><strong>Joseph-L\u00e9onide Perron, premier maire de Beaconsfield<\/strong><\/p>\n<p>N\u00e9 le 24 septembre 1872 \u00e0 Saint-Marc-sur-Richelieu, Joseph-L\u00e9onide Perron a \u00e9tudi\u00e9 le droit \u00e0 la succursale de Montr\u00e9al de l&#8217;Universit\u00e9 Laval. Il obtient son dipl\u00f4me de droit en 1892 et est admis au barreau en 1895.<\/p>\n<p>Il est rapidement devenu l&#8217;un des avocats les plus respect\u00e9s de Montr\u00e9al. Personnalit\u00e9 \u00e9minente qui avait tiss\u00e9 des liens strat\u00e9giques pour sa carri\u00e8re, Perron est entr\u00e9 en politique en 1910 en devenant le premier maire de Beaconsfield, o\u00f9 il poss\u00e9dait une r\u00e9sidence d&#8217;\u00e9t\u00e9.<\/p>\n<p>Il en restera le maire jusqu&#8217;en 1916. Conscient de l&#8217;importance grandissante de l&#8217;automobile, Perron marquera l&#8217;histoire de la ville par sa volont\u00e9 de d\u00e9velopper un r\u00e9seau routier de qualit\u00e9. En 1912, le journal La Patrie loue les efforts de Perron en d\u00e9clarant que la ville de Beaconsfield poss\u00e8de l&#8217;une des plus belles routes de tout le Qu\u00e9bec. Et pour cause, rapporte le journal : la route avait co\u00fbt\u00e9 7 000 $ le mille, alors que le salaire moyen \u00e0 l&#8217;\u00e9poque au Qu\u00e9bec n&#8217;\u00e9tait que d&#8217;environ 450 $ par ann\u00e9e !<\/p>\n<p>La carri\u00e8re politique de Perron fait rapidement le saut au niveau provincial lorsqu&#8217;il se pr\u00e9sente comme candidat lib\u00e9ral aux \u00e9lections partielles de Gasp\u00e9 en 1910. Deux ans plus tard, il est \u00e9lu d\u00e9put\u00e9 de la circonscription de Verch\u00e8res. \u00c9toile politique montante, Perron devient rapidement un rouage important de la machine lib\u00e9rale. Lorsque le premier ministre Lomer Gouin se retire de la politique en 1920, Perron est l&#8217;un des candidats les plus prometteurs \u00e0 la t\u00eate du parti.<\/p>\n<p>Cependant, Gouin choisit Louis-Alexandre Taschereau comme rempla\u00e7ant.<br \/>\nTaschereau a ensuite nomm\u00e9 Perron ministre des chemins en 1921, et six ans plus tard, ministre de l&#8217;agriculture. D\u00e8s son entr\u00e9e en fonction, le r\u00e9formiste Perron propose de mettre en place un programme d&#8217;autosuffisance agricole qui met l&#8217;accent sur les nouvelles technologies, la commercialisation moderne, l&#8217;\u00e9lectrification des campagnes et l&#8217;exportation des produits. Alors que certains ont applaudi ses propositions, les conservateurs se sont m\u00e9fi\u00e9s.<\/p>\n<p>Fort de ses succ\u00e8s, qui avaient fait de lui l&#8217;un des politiciens les plus en vue de la province, Perron est rest\u00e9 concentr\u00e9 sur un plus grand prix : celui de chef de parti. Sa relation tumultueuse avec Taschereau finit par se transformer en une rivalit\u00e9 qui poussera Perron \u00e0 convoiter le poste de premier ministre.<\/p>\n<p>En 1930, alors que tout indique que Perron est sur le point de d\u00e9tr\u00f4ner Taschereau et de prendre la t\u00eate du parti, une crise d&#8217;angine de poitrine met un frein \u00e0 ses ambitions. Ses jours \u00e9taient d\u00e9sormais compt\u00e9s. Le 20 novembre 1930, \u00e0 l&#8217;\u00e2ge de 58 ans, Joseph-L\u00e9onide Perron meurt d&#8217;une crise cardiaque.<\/p>\n<p><strong>De Beaurepaire \u00e0 Beaconsfield<\/strong><\/p>\n<p>Lorsque Jean Guenet s&#8217;installe dans la r\u00e9gion en 1678, il nomme sa premi\u00e8re concession Beaurepaire. Ce nom \u00e0 consonance fran\u00e7aise perdurera pendant pr\u00e8s de deux cents ans. Le nom de Beaconsfield n&#8217;est apparu pour la premi\u00e8re fois qu&#8217;en 1877, lorsque John Henry Menzie a donn\u00e9 \u00e0 sa ferme et \u00e0 son vignoble le nom de son ami, politicien et romancier Benjamin Disraeli, qui \u00e9tait \u00e9galement comte de Beaconsfield et premier ministre d&#8217;Angleterre (1874-1880).<\/p>\n<p>Compte tenu de l&#8217;\u00e9volution d\u00e9mographique du 19e si\u00e8cle, au cours de laquelle de nombreux anglophones se sont install\u00e9s ou ont s\u00e9journ\u00e9 dans la r\u00e9gion, il n&#8217;est pas surprenant que le conseil municipal ait choisi ce nom en 1910 lors de l&#8217;incorporation de la ville.[\/et_pb_text][\/et_pb_column][et_pb_column type=&#8221;1_3&#8243; _builder_version=&#8221;4.14.8&#8243; _module_preset=&#8221;default&#8221; background_color=&#8221;#FFFFFF&#8221; custom_padding=&#8221;45px|30px|45px|30px|false|false&#8221; hover_enabled=&#8221;0&#8243; global_colors_info=&#8221;{}&#8221; sticky_position=&#8221;top&#8221; sticky_offset_top=&#8221;45px&#8221; sticky_enabled=&#8221;0&#8243;][et_pb_sidebar area=&#8221;sidebar-1&#8243; show_border=&#8221;off&#8221; _builder_version=&#8221;4.14.8&#8243; _module_preset=&#8221;default&#8221; global_colors_info=&#8221;{}&#8221;][\/et_pb_sidebar][\/et_pb_column][\/et_pb_row][\/et_pb_section]<\/p>\n<!-- AddThis Advanced Settings generic via filter on the_content --><!-- AddThis Share Buttons generic via filter on the_content -->","protected":false},"excerpt":{"rendered":"<p><!-- AddThis Advanced Settings generic via filter on the_excerpt --><!-- AddThis Share Buttons generic via filter on the_excerpt --><\/p>\n","protected":false},"author":4,"featured_media":0,"parent":3723,"menu_order":0,"comment_status":"closed","ping_status":"closed","template":"","meta":{"_et_pb_use_builder":"on","_et_pb_old_content":"","_et_gb_content_width":"","footnotes":""},"class_list":["post-5686","page","type-page","status-publish","hentry"],"yoast_head":"<!-- This site is optimized with the Yoast SEO plugin v27.3 - https:\/\/yoast.com\/product\/yoast-seo-wordpress\/ -->\n<title>Les origines de BEACONSFIELD | Sold In The West<\/title>\n<meta name=\"robots\" content=\"index, follow, max-snippet:-1, max-image-preview:large, max-video-preview:-1\" \/>\n<link rel=\"canonical\" href=\"https:\/\/soldinthewest.com\/fr\/louest-de-lile\/beaconsfield\/\" \/>\n<meta property=\"og:locale\" content=\"fr_FR\" \/>\n<meta property=\"og:type\" content=\"article\" \/>\n<meta property=\"og:title\" content=\"Les origines de BEACONSFIELD | Sold In The West\" \/>\n<meta property=\"og:description\" content=\"Les origines de BEACONSFIELD. Pr\u00e9sentant un int\u00e9r\u00eat strat\u00e9gique particulier pour la d\u00e9fense non seulement de Ville-Marie, mais aussi de la traite des fourrures, il n&#039;a pas fallu longtemps pour...\" \/>\n<meta property=\"og:url\" content=\"https:\/\/soldinthewest.com\/fr\/louest-de-lile\/beaconsfield\/\" \/>\n<meta property=\"og:site_name\" content=\"Sold In The West\" \/>\n<meta property=\"article:publisher\" content=\"https:\/\/www.facebook.com\/soldinthewest\/\" \/>\n<meta property=\"article:modified_time\" content=\"2022-02-22T21:06:25+00:00\" \/>\n<meta name=\"twitter:card\" content=\"summary_large_image\" \/>\n<meta name=\"twitter:site\" content=\"@Sold_intheWest\" \/>\n<meta name=\"twitter:label1\" content=\"Dur\u00e9e de lecture estim\u00e9e\" \/>\n\t<meta name=\"twitter:data1\" content=\"7 minutes\" \/>\n<script type=\"application\/ld+json\" class=\"yoast-schema-graph\">{\"@context\":\"https:\\\/\\\/schema.org\",\"@graph\":[{\"@type\":\"WebPage\",\"@id\":\"https:\\\/\\\/soldinthewest.com\\\/fr\\\/louest-de-lile\\\/beaconsfield\\\/\",\"url\":\"https:\\\/\\\/soldinthewest.com\\\/fr\\\/louest-de-lile\\\/beaconsfield\\\/\",\"name\":\"Les origines de BEACONSFIELD | Sold In The West\",\"isPartOf\":{\"@id\":\"https:\\\/\\\/soldinthewest.com\\\/fr\\\/#website\"},\"datePublished\":\"2022-02-22T21:03:49+00:00\",\"dateModified\":\"2022-02-22T21:06:25+00:00\",\"description\":\"Les origines de BEACONSFIELD. Pr\u00e9sentant un int\u00e9r\u00eat strat\u00e9gique particulier pour la d\u00e9fense non seulement de Ville-Marie, mais aussi de la traite des fourrures, il n'a pas fallu longtemps pour...\",\"breadcrumb\":{\"@id\":\"https:\\\/\\\/soldinthewest.com\\\/fr\\\/louest-de-lile\\\/beaconsfield\\\/#breadcrumb\"},\"inLanguage\":\"fr-FR\",\"potentialAction\":[{\"@type\":\"ReadAction\",\"target\":[\"https:\\\/\\\/soldinthewest.com\\\/fr\\\/louest-de-lile\\\/beaconsfield\\\/\"]}]},{\"@type\":\"BreadcrumbList\",\"@id\":\"https:\\\/\\\/soldinthewest.com\\\/fr\\\/louest-de-lile\\\/beaconsfield\\\/#breadcrumb\",\"itemListElement\":[{\"@type\":\"ListItem\",\"position\":1,\"name\":\"Home\",\"item\":\"https:\\\/\\\/soldinthewest.com\\\/fr\\\/\"},{\"@type\":\"ListItem\",\"position\":2,\"name\":\"L\u2019Ouest-de-l\u2019\u00cele\",\"item\":\"https:\\\/\\\/soldinthewest.com\\\/fr\\\/louest-de-lile\\\/\"},{\"@type\":\"ListItem\",\"position\":3,\"name\":\"Beaconsfield\"}]},{\"@type\":\"WebSite\",\"@id\":\"https:\\\/\\\/soldinthewest.com\\\/fr\\\/#website\",\"url\":\"https:\\\/\\\/soldinthewest.com\\\/fr\\\/\",\"name\":\"Sold In The West\",\"description\":\"West Island Real Estate\",\"publisher\":{\"@id\":\"https:\\\/\\\/soldinthewest.com\\\/fr\\\/#organization\"},\"potentialAction\":[{\"@type\":\"SearchAction\",\"target\":{\"@type\":\"EntryPoint\",\"urlTemplate\":\"https:\\\/\\\/soldinthewest.com\\\/fr\\\/?s={search_term_string}\"},\"query-input\":{\"@type\":\"PropertyValueSpecification\",\"valueRequired\":true,\"valueName\":\"search_term_string\"}}],\"inLanguage\":\"fr-FR\"},{\"@type\":\"Organization\",\"@id\":\"https:\\\/\\\/soldinthewest.com\\\/fr\\\/#organization\",\"name\":\"Sold in the west\",\"url\":\"https:\\\/\\\/soldinthewest.com\\\/fr\\\/\",\"logo\":{\"@type\":\"ImageObject\",\"inLanguage\":\"fr-FR\",\"@id\":\"https:\\\/\\\/soldinthewest.com\\\/fr\\\/#\\\/schema\\\/logo\\\/image\\\/\",\"url\":\"https:\\\/\\\/soldinthewest.com\\\/wp-content\\\/uploads\\\/2016\\\/11\\\/soldinthewest-logo-west-island-real-estate-mobile.png\",\"contentUrl\":\"https:\\\/\\\/soldinthewest.com\\\/wp-content\\\/uploads\\\/2016\\\/11\\\/soldinthewest-logo-west-island-real-estate-mobile.png\",\"width\":653,\"height\":592,\"caption\":\"Sold in the west\"},\"image\":{\"@id\":\"https:\\\/\\\/soldinthewest.com\\\/fr\\\/#\\\/schema\\\/logo\\\/image\\\/\"},\"sameAs\":[\"https:\\\/\\\/www.facebook.com\\\/soldinthewest\\\/\",\"https:\\\/\\\/x.com\\\/Sold_intheWest\",\"https:\\\/\\\/www.linkedin.com\\\/in\\\/sold-in-the-west-99589075\"]}]}<\/script>\n<!-- \/ Yoast SEO plugin. -->","yoast_head_json":{"title":"Les origines de BEACONSFIELD | Sold In The West","robots":{"index":"index","follow":"follow","max-snippet":"max-snippet:-1","max-image-preview":"max-image-preview:large","max-video-preview":"max-video-preview:-1"},"canonical":"https:\/\/soldinthewest.com\/fr\/louest-de-lile\/beaconsfield\/","og_locale":"fr_FR","og_type":"article","og_title":"Les origines de BEACONSFIELD | Sold In The West","og_description":"Les origines de BEACONSFIELD. Pr\u00e9sentant un int\u00e9r\u00eat strat\u00e9gique particulier pour la d\u00e9fense non seulement de Ville-Marie, mais aussi de la traite des fourrures, il n'a pas fallu longtemps pour...","og_url":"https:\/\/soldinthewest.com\/fr\/louest-de-lile\/beaconsfield\/","og_site_name":"Sold In The West","article_publisher":"https:\/\/www.facebook.com\/soldinthewest\/","article_modified_time":"2022-02-22T21:06:25+00:00","twitter_card":"summary_large_image","twitter_site":"@Sold_intheWest","twitter_misc":{"Dur\u00e9e de lecture estim\u00e9e":"7 minutes"},"schema":{"@context":"https:\/\/schema.org","@graph":[{"@type":"WebPage","@id":"https:\/\/soldinthewest.com\/fr\/louest-de-lile\/beaconsfield\/","url":"https:\/\/soldinthewest.com\/fr\/louest-de-lile\/beaconsfield\/","name":"Les origines de BEACONSFIELD | Sold In The West","isPartOf":{"@id":"https:\/\/soldinthewest.com\/fr\/#website"},"datePublished":"2022-02-22T21:03:49+00:00","dateModified":"2022-02-22T21:06:25+00:00","description":"Les origines de BEACONSFIELD. Pr\u00e9sentant un int\u00e9r\u00eat strat\u00e9gique particulier pour la d\u00e9fense non seulement de Ville-Marie, mais aussi de la traite des fourrures, il n'a pas fallu longtemps pour...","breadcrumb":{"@id":"https:\/\/soldinthewest.com\/fr\/louest-de-lile\/beaconsfield\/#breadcrumb"},"inLanguage":"fr-FR","potentialAction":[{"@type":"ReadAction","target":["https:\/\/soldinthewest.com\/fr\/louest-de-lile\/beaconsfield\/"]}]},{"@type":"BreadcrumbList","@id":"https:\/\/soldinthewest.com\/fr\/louest-de-lile\/beaconsfield\/#breadcrumb","itemListElement":[{"@type":"ListItem","position":1,"name":"Home","item":"https:\/\/soldinthewest.com\/fr\/"},{"@type":"ListItem","position":2,"name":"L\u2019Ouest-de-l\u2019\u00cele","item":"https:\/\/soldinthewest.com\/fr\/louest-de-lile\/"},{"@type":"ListItem","position":3,"name":"Beaconsfield"}]},{"@type":"WebSite","@id":"https:\/\/soldinthewest.com\/fr\/#website","url":"https:\/\/soldinthewest.com\/fr\/","name":"Sold In The West","description":"West Island Real Estate","publisher":{"@id":"https:\/\/soldinthewest.com\/fr\/#organization"},"potentialAction":[{"@type":"SearchAction","target":{"@type":"EntryPoint","urlTemplate":"https:\/\/soldinthewest.com\/fr\/?s={search_term_string}"},"query-input":{"@type":"PropertyValueSpecification","valueRequired":true,"valueName":"search_term_string"}}],"inLanguage":"fr-FR"},{"@type":"Organization","@id":"https:\/\/soldinthewest.com\/fr\/#organization","name":"Sold in the west","url":"https:\/\/soldinthewest.com\/fr\/","logo":{"@type":"ImageObject","inLanguage":"fr-FR","@id":"https:\/\/soldinthewest.com\/fr\/#\/schema\/logo\/image\/","url":"https:\/\/soldinthewest.com\/wp-content\/uploads\/2016\/11\/soldinthewest-logo-west-island-real-estate-mobile.png","contentUrl":"https:\/\/soldinthewest.com\/wp-content\/uploads\/2016\/11\/soldinthewest-logo-west-island-real-estate-mobile.png","width":653,"height":592,"caption":"Sold in the west"},"image":{"@id":"https:\/\/soldinthewest.com\/fr\/#\/schema\/logo\/image\/"},"sameAs":["https:\/\/www.facebook.com\/soldinthewest\/","https:\/\/x.com\/Sold_intheWest","https:\/\/www.linkedin.com\/in\/sold-in-the-west-99589075"]}]}},"_links":{"self":[{"href":"https:\/\/soldinthewest.com\/fr\/wp-json\/wp\/v2\/pages\/5686","targetHints":{"allow":["GET"]}}],"collection":[{"href":"https:\/\/soldinthewest.com\/fr\/wp-json\/wp\/v2\/pages"}],"about":[{"href":"https:\/\/soldinthewest.com\/fr\/wp-json\/wp\/v2\/types\/page"}],"author":[{"embeddable":true,"href":"https:\/\/soldinthewest.com\/fr\/wp-json\/wp\/v2\/users\/4"}],"replies":[{"embeddable":true,"href":"https:\/\/soldinthewest.com\/fr\/wp-json\/wp\/v2\/comments?post=5686"}],"version-history":[{"count":5,"href":"https:\/\/soldinthewest.com\/fr\/wp-json\/wp\/v2\/pages\/5686\/revisions"}],"predecessor-version":[{"id":5691,"href":"https:\/\/soldinthewest.com\/fr\/wp-json\/wp\/v2\/pages\/5686\/revisions\/5691"}],"up":[{"embeddable":true,"href":"https:\/\/soldinthewest.com\/fr\/wp-json\/wp\/v2\/pages\/3723"}],"wp:attachment":[{"href":"https:\/\/soldinthewest.com\/fr\/wp-json\/wp\/v2\/media?parent=5686"}],"curies":[{"name":"wp","href":"https:\/\/api.w.org\/{rel}","templated":true}]}}