{"id":5692,"date":"2022-02-22T17:07:25","date_gmt":"2022-02-22T21:07:25","guid":{"rendered":"https:\/\/dev.soldinthewest.com\/louest-de-lile\/dorval\/"},"modified":"2022-02-22T17:09:09","modified_gmt":"2022-02-22T21:09:09","slug":"dorval","status":"publish","type":"page","link":"https:\/\/soldinthewest.com\/fr\/louest-de-lile\/dorval\/","title":{"rendered":"Dorval"},"content":{"rendered":"<p>[et_pb_section fb_built=&#8221;1&#8243; _builder_version=&#8221;4.14.8&#8243; _module_preset=&#8221;default&#8221; background_color=&#8221;RGBA(255,255,255,0)&#8221; global_colors_info=&#8221;{}&#8221;][et_pb_row _builder_version=&#8221;4.14.8&#8243; background_size=&#8221;initial&#8221; background_position=&#8221;top_left&#8221; background_repeat=&#8221;repeat&#8221; custom_padding=&#8221;||0px||false|false&#8221; global_colors_info=&#8221;{}&#8221;][et_pb_column type=&#8221;4_4&#8243; _builder_version=&#8221;3.25&#8243; custom_padding=&#8221;|||&#8221; global_colors_info=&#8221;{}&#8221; custom_padding__hover=&#8221;|||&#8221;][et_pb_post_title meta=&#8221;off&#8221; featured_image=&#8221;off&#8221; _builder_version=&#8221;4.14.8&#8243; _module_preset=&#8221;default&#8221; title_text_color=&#8221;#000000&#8243; title_font_size=&#8221;30px&#8221; global_colors_info=&#8221;{}&#8221;][\/et_pb_post_title][\/et_pb_column][\/et_pb_row][et_pb_row column_structure=&#8221;2_3,1_3&#8243; _builder_version=&#8221;4.14.8&#8243; _module_preset=&#8221;default&#8221; hover_enabled=&#8221;0&#8243; global_colors_info=&#8221;{}&#8221; sticky_enabled=&#8221;0&#8243;][et_pb_column type=&#8221;2_3&#8243; _builder_version=&#8221;4.14.8&#8243; _module_preset=&#8221;default&#8221; background_color=&#8221;#FFFFFF&#8221; custom_padding=&#8221;45px|30px|45px|30px|false|false&#8221; global_colors_info=&#8221;{}&#8221;][et_pb_text admin_label=&#8221;Text&#8221; _builder_version=&#8221;4.14.8&#8243; background_size=&#8221;initial&#8221; background_position=&#8221;top_left&#8221; background_repeat=&#8221;repeat&#8221; global_colors_info=&#8221;{}&#8221;]<\/p>\n<h1>Les origines de DORVAL<\/h1>\n<p>Au cours de la seconde moiti\u00e9 du XVIIe si\u00e8cle, tout l&#8217;ouest de l&#8217;\u00eele de Montr\u00e9al rev\u00eat une grande importance strat\u00e9gique pour les int\u00e9r\u00eats commerciaux et militaires de la Nouvelle-France. En cons\u00e9quence, les Sulpiciens, seigneurs de l&#8217;\u00eele de Montr\u00e9al, conc\u00e8dent des terres appel\u00e9es fiefs, non seulement dans l&#8217;espoir d&#8217;en tirer profit, mais pour qu&#8217;elles puissent servir de premier rempart sur la route vers Ville-Marie comme bien. Les Sulpiciens \u00e9tablissent \u00e9galement une petite mission fortifi\u00e9e nomm\u00e9e Gentilly, qui sera plus tard rebaptis\u00e9e La Pr\u00e9sentation. Le fief changea avec succ\u00e8s de propri\u00e9taires en 1685, puis en 1691, Jean Bouchard d&#8217;Orval en prit possession. Son nom restera dans les annales de l&#8217;histoire.<\/p>\n<p>Peu de d\u00e9veloppement se produirait dans la r\u00e9gion jusqu&#8217;au milieu du 19e si\u00e8cle. \u00c0 l&#8217;\u00e9poque, le territoire \u00e9tait majoritairement rural et s&#8217;est d\u00e9velopp\u00e9 \u00e0 la mani\u00e8re typique de la colonisation fran\u00e7aise, avec de longues et \u00e9troites \u00e9tendues de terres ; ceux-ci \u00e9taient perpendiculaires au lac Saint-Louis et au chemin Bord-du-Lac. Un village naissant finit par voir le jour pr\u00e8s de l&#8217;intersection du chemin Bord-du-Lac et de l&#8217;avenue Martin, l&#8217;une des plus anciennes rues de Dorval. Au fil du temps, un noyau institutionnel s&#8217;est cr\u00e9\u00e9 juste au nord avec l&#8217;\u00e9glise de La Pr\u00e9sentation et son presbyt\u00e8re, le couvent Notre-Dame du Sacr\u00e9-C\u0153ur, ainsi qu&#8217;une \u00e9cole.<\/p>\n<p><strong>Le chemin de fer arrive !<\/strong><\/p>\n<p>L&#8217;arriv\u00e9e du Grand Trunk Railway en 1855, suivie de celle du Chemin de fer Canadien Pacifique en 1890, changea radicalement l&#8217;ordre naturel des choses en raccourcissant de plusieurs heures le trajet entre le centre industriel de Montr\u00e9al et l&#8217;ouest de l&#8217;\u00eele. La classe moyenne sup\u00e9rieure nouvellement cr\u00e9\u00e9e, n\u00e9e du boom de l&#8217;industrialisation, cherchait d\u00e9sormais un refuge tranquille au bord de l&#8217;eau, loin de la ville. Ce d\u00e9placement de la population a \u00e9t\u00e9 rendu possible par l&#8217;essor des modes de transport et par l&#8217;\u00e9mergence d&#8217;une nouvelle classe moyenne sup\u00e9rieure. Dorval s&#8217;est \u00e9galement av\u00e9r\u00e9 \u00eatre un terreau fertile pour le d\u00e9veloppement.<\/p>\n<p>Le village compte des propri\u00e9t\u00e9s riveraines et des terres propices \u00e0 l&#8217;id\u00e9al romantique du gentleman-farmer, tr\u00e8s en vogue chez les Canadiens anglais. Bien que les rives du lac Saint-Louis conservent leur caract\u00e8re majoritairement agricole, elles sont peu \u00e0 peu occup\u00e9es par des familles ais\u00e9es et deviennent m\u00eame un lieu tr\u00e8s convoit\u00e9 pour les maisons de campagne. En 1892, Dorval est incorpor\u00e9 en tant que village; elle est devenue une ville en 1903.<\/p>\n<p><strong>HARRY MARKLAND MOLSON, ancien maire de Dorval qui a p\u00e9ri \u00e0 bord du Titanic<\/strong><\/p>\n<p>Harry Markland Molson, arri\u00e8re-arri\u00e8re-petit-fils du c\u00e9l\u00e8bre brasseur du m\u00eame nom, est n\u00e9 en 1856. Il a poursuivi ses \u00e9tudes \u00e0 Montr\u00e9al, puis en Allemagne et en France. En 1897, il prend la t\u00eate de la Banque Molson. Il a \u00e9galement \u00e9t\u00e9 impliqu\u00e9 dans plusieurs organismes et associations tels que le Montreal Jockey Club et le Montreal Hunt Club. Il a \u00e9galement \u00e9t\u00e9 gouverneur de l&#8217;H\u00f4pital g\u00e9n\u00e9ral de Montr\u00e9al et pr\u00e9sident de la Soci\u00e9t\u00e9 internationale pour la pr\u00e9vention de la cruaut\u00e9 envers les animaux (SPCA). En r\u00e9ponse \u00e0 ceux qui affirmaient qu&#8217;il aimait les animaux plus que ses semblables, Molson aimait dire que les gens pouvaient prendre soin d&#8217;eux-m\u00eames, mais que les animaux ne le pouvaient pas.<\/p>\n<p>La passion de Molson pour la voile a sans aucun doute influenc\u00e9 sa d\u00e9cision d&#8217;acqu\u00e9rir une r\u00e9sidence d&#8217;\u00e9t\u00e9 \u00e0 Dorval. Bien que la maison ait une apparence \u00e9tonnamment modeste, consid\u00e9rant que Molson \u00e9tait consid\u00e9r\u00e9 comme l&#8217;un des hommes d&#8217;affaires les plus influents au Canada, elle \u00e9tait situ\u00e9e au 960-962, chemin Bord-du-Lac, ce qui \u00e9tait l&#8217;endroit id\u00e9al pour passer l&#8217;\u00e9t\u00e9 pr\u00e8s de son impressionnant bateau. C&#8217;est sur ce bateau que Molson passait la plupart de son temps libre pendant les mois les plus chauds. M\u00eame s&#8217;il n&#8217;\u00e9tait pas un r\u00e9sident permanent, Molson est devenu le premier maire de Dorval lors de son incorporation en tant que ville en 1903. Il est rest\u00e9 maire pendant deux ans. Passionn\u00e9 de voile, Harry Markland Molson \u00e9tait d\u00e9j\u00e0 un marin chevronn\u00e9 lorsqu&#8217;il embarqua sur le c\u00e9l\u00e8bre paquebot transatlantique. Il avait d\u00e9j\u00e0 surv\u00e9cu \u00e0 un naufrage en 1899 \u00e0 bord du Scotsman dans le golfe du Saint-Laurent, nageant jusqu&#8217;au rivage sain et sauf. Il fait face \u00e0 la mort une deuxi\u00e8me fois en 1904 lorsque le Canada, le bateau \u00e0 vapeur sur lequel il se trouve, entre en collision avec un autre navire pr\u00e8s de Sorel. Une fois de plus, non seulement il s&#8217;en est sorti indemne, mais il a m\u00eame r\u00e9ussi \u00e0 aider \u00e0 sauver les autres passagers. Au printemps 1912, Molson est en Europe, o\u00f9 il est en voyage d&#8217;affaires depuis f\u00e9vrier. Initialement pr\u00e9vu de retourner au Canada sur le Justinien, Molson changea ses plans lorsqu&#8217;il apprit qu&#8217;un ami du Royal Montreal Yacht Club, le major Arthur Peuchen, effectuerait la travers\u00e9e sur le Titanic. C&#8217;est ainsi qu&#8217;en avril 1912, Molson embarque en premi\u00e8re classe sur le Titanic \u00ab insubmersible \u00bb. Il p\u00e9rit dans la nuit du 14 au 15 avril 1912, lorsque le navire coula dans l&#8217;oc\u00e9an Atlantique, co\u00fbtant la vie \u00e0 1 329 de ses 2 201 passagers.<\/p>\n<p>&nbsp;[\/et_pb_text][\/et_pb_column][et_pb_column type=&#8221;1_3&#8243; _builder_version=&#8221;4.14.8&#8243; _module_preset=&#8221;default&#8221; background_color=&#8221;#FFFFFF&#8221; custom_padding=&#8221;45px|30px|45px|30px|false|false&#8221; hover_enabled=&#8221;0&#8243; global_colors_info=&#8221;{}&#8221; sticky_position=&#8221;top&#8221; sticky_offset_top=&#8221;45px&#8221; sticky_enabled=&#8221;0&#8243;][et_pb_sidebar area=&#8221;sidebar-1&#8243; show_border=&#8221;off&#8221; _builder_version=&#8221;4.14.8&#8243; _module_preset=&#8221;default&#8221; global_colors_info=&#8221;{}&#8221;][\/et_pb_sidebar][\/et_pb_column][\/et_pb_row][\/et_pb_section]<\/p>\n<!-- AddThis Advanced Settings generic via filter on the_content --><!-- AddThis Share Buttons generic via filter on the_content -->","protected":false},"excerpt":{"rendered":"<p><!-- AddThis Advanced Settings generic via filter on the_excerpt --><!-- AddThis Share Buttons generic via filter on the_excerpt --><\/p>\n","protected":false},"author":4,"featured_media":0,"parent":3723,"menu_order":0,"comment_status":"closed","ping_status":"closed","template":"","meta":{"_et_pb_use_builder":"on","_et_pb_old_content":"","_et_gb_content_width":"","footnotes":""},"class_list":["post-5692","page","type-page","status-publish","hentry"],"yoast_head":"<!-- This site is optimized with the Yoast SEO plugin v27.5 - https:\/\/yoast.com\/product\/yoast-seo-wordpress\/ -->\n<title>Les origines de DORVAL | Sold In The West<\/title>\n<meta name=\"robots\" content=\"index, follow, max-snippet:-1, max-image-preview:large, max-video-preview:-1\" \/>\n<link rel=\"canonical\" href=\"https:\/\/soldinthewest.com\/fr\/louest-de-lile\/dorval\/\" \/>\n<meta property=\"og:locale\" content=\"fr_FR\" \/>\n<meta property=\"og:type\" content=\"article\" \/>\n<meta property=\"og:title\" content=\"Les origines de DORVAL | Sold In The West\" \/>\n<meta property=\"og:description\" content=\"Les origines de DORVAL. Au cours de la seconde moiti\u00e9 du 17e si\u00e8cle, tout l&#039;ouest de l&#039;\u00eele de Montr\u00e9al \u00e9tait d&#039;une grande importance strat\u00e9gique pour le commerce..\" \/>\n<meta property=\"og:url\" content=\"https:\/\/soldinthewest.com\/fr\/louest-de-lile\/dorval\/\" \/>\n<meta property=\"og:site_name\" content=\"Sold In The West\" \/>\n<meta property=\"article:publisher\" content=\"https:\/\/www.facebook.com\/soldinthewest\/\" \/>\n<meta property=\"article:modified_time\" content=\"2022-02-22T21:09:09+00:00\" \/>\n<meta name=\"twitter:card\" content=\"summary_large_image\" \/>\n<meta name=\"twitter:site\" content=\"@Sold_intheWest\" \/>\n<meta name=\"twitter:label1\" content=\"Dur\u00e9e de lecture estim\u00e9e\" \/>\n\t<meta name=\"twitter:data1\" content=\"6 minutes\" \/>\n<script type=\"application\/ld+json\" class=\"yoast-schema-graph\">{\"@context\":\"https:\\\/\\\/schema.org\",\"@graph\":[{\"@type\":\"WebPage\",\"@id\":\"https:\\\/\\\/soldinthewest.com\\\/fr\\\/louest-de-lile\\\/dorval\\\/\",\"url\":\"https:\\\/\\\/soldinthewest.com\\\/fr\\\/louest-de-lile\\\/dorval\\\/\",\"name\":\"Les origines de DORVAL | Sold In The West\",\"isPartOf\":{\"@id\":\"https:\\\/\\\/soldinthewest.com\\\/fr\\\/#website\"},\"datePublished\":\"2022-02-22T21:07:25+00:00\",\"dateModified\":\"2022-02-22T21:09:09+00:00\",\"description\":\"Les origines de DORVAL. Au cours de la seconde moiti\u00e9 du 17e si\u00e8cle, tout l'ouest de l'\u00eele de Montr\u00e9al \u00e9tait d'une grande importance strat\u00e9gique pour le commerce..\",\"breadcrumb\":{\"@id\":\"https:\\\/\\\/soldinthewest.com\\\/fr\\\/louest-de-lile\\\/dorval\\\/#breadcrumb\"},\"inLanguage\":\"fr-FR\",\"potentialAction\":[{\"@type\":\"ReadAction\",\"target\":[\"https:\\\/\\\/soldinthewest.com\\\/fr\\\/louest-de-lile\\\/dorval\\\/\"]}]},{\"@type\":\"BreadcrumbList\",\"@id\":\"https:\\\/\\\/soldinthewest.com\\\/fr\\\/louest-de-lile\\\/dorval\\\/#breadcrumb\",\"itemListElement\":[{\"@type\":\"ListItem\",\"position\":1,\"name\":\"Home\",\"item\":\"https:\\\/\\\/soldinthewest.com\\\/fr\\\/\"},{\"@type\":\"ListItem\",\"position\":2,\"name\":\"L\u2019Ouest-de-l\u2019\u00cele\",\"item\":\"https:\\\/\\\/soldinthewest.com\\\/fr\\\/louest-de-lile\\\/\"},{\"@type\":\"ListItem\",\"position\":3,\"name\":\"Dorval\"}]},{\"@type\":\"WebSite\",\"@id\":\"https:\\\/\\\/soldinthewest.com\\\/fr\\\/#website\",\"url\":\"https:\\\/\\\/soldinthewest.com\\\/fr\\\/\",\"name\":\"Sold In The West\",\"description\":\"West Island Real Estate\",\"publisher\":{\"@id\":\"https:\\\/\\\/soldinthewest.com\\\/fr\\\/#organization\"},\"potentialAction\":[{\"@type\":\"SearchAction\",\"target\":{\"@type\":\"EntryPoint\",\"urlTemplate\":\"https:\\\/\\\/soldinthewest.com\\\/fr\\\/?s={search_term_string}\"},\"query-input\":{\"@type\":\"PropertyValueSpecification\",\"valueRequired\":true,\"valueName\":\"search_term_string\"}}],\"inLanguage\":\"fr-FR\"},{\"@type\":\"Organization\",\"@id\":\"https:\\\/\\\/soldinthewest.com\\\/fr\\\/#organization\",\"name\":\"Sold in the west\",\"url\":\"https:\\\/\\\/soldinthewest.com\\\/fr\\\/\",\"logo\":{\"@type\":\"ImageObject\",\"inLanguage\":\"fr-FR\",\"@id\":\"https:\\\/\\\/soldinthewest.com\\\/fr\\\/#\\\/schema\\\/logo\\\/image\\\/\",\"url\":\"https:\\\/\\\/soldinthewest.com\\\/wp-content\\\/uploads\\\/2016\\\/11\\\/soldinthewest-logo-west-island-real-estate-mobile.png\",\"contentUrl\":\"https:\\\/\\\/soldinthewest.com\\\/wp-content\\\/uploads\\\/2016\\\/11\\\/soldinthewest-logo-west-island-real-estate-mobile.png\",\"width\":653,\"height\":592,\"caption\":\"Sold in the west\"},\"image\":{\"@id\":\"https:\\\/\\\/soldinthewest.com\\\/fr\\\/#\\\/schema\\\/logo\\\/image\\\/\"},\"sameAs\":[\"https:\\\/\\\/www.facebook.com\\\/soldinthewest\\\/\",\"https:\\\/\\\/x.com\\\/Sold_intheWest\",\"https:\\\/\\\/www.linkedin.com\\\/in\\\/sold-in-the-west-99589075\"]}]}<\/script>\n<!-- \/ Yoast SEO plugin. -->","yoast_head_json":{"title":"Les origines de DORVAL | Sold In The West","robots":{"index":"index","follow":"follow","max-snippet":"max-snippet:-1","max-image-preview":"max-image-preview:large","max-video-preview":"max-video-preview:-1"},"canonical":"https:\/\/soldinthewest.com\/fr\/louest-de-lile\/dorval\/","og_locale":"fr_FR","og_type":"article","og_title":"Les origines de DORVAL | Sold In The West","og_description":"Les origines de DORVAL. Au cours de la seconde moiti\u00e9 du 17e si\u00e8cle, tout l'ouest de l'\u00eele de Montr\u00e9al \u00e9tait d'une grande importance strat\u00e9gique pour le commerce..","og_url":"https:\/\/soldinthewest.com\/fr\/louest-de-lile\/dorval\/","og_site_name":"Sold In The West","article_publisher":"https:\/\/www.facebook.com\/soldinthewest\/","article_modified_time":"2022-02-22T21:09:09+00:00","twitter_card":"summary_large_image","twitter_site":"@Sold_intheWest","twitter_misc":{"Dur\u00e9e de lecture estim\u00e9e":"6 minutes"},"schema":{"@context":"https:\/\/schema.org","@graph":[{"@type":"WebPage","@id":"https:\/\/soldinthewest.com\/fr\/louest-de-lile\/dorval\/","url":"https:\/\/soldinthewest.com\/fr\/louest-de-lile\/dorval\/","name":"Les origines de DORVAL | Sold In The West","isPartOf":{"@id":"https:\/\/soldinthewest.com\/fr\/#website"},"datePublished":"2022-02-22T21:07:25+00:00","dateModified":"2022-02-22T21:09:09+00:00","description":"Les origines de DORVAL. Au cours de la seconde moiti\u00e9 du 17e si\u00e8cle, tout l'ouest de l'\u00eele de Montr\u00e9al \u00e9tait d'une grande importance strat\u00e9gique pour le commerce..","breadcrumb":{"@id":"https:\/\/soldinthewest.com\/fr\/louest-de-lile\/dorval\/#breadcrumb"},"inLanguage":"fr-FR","potentialAction":[{"@type":"ReadAction","target":["https:\/\/soldinthewest.com\/fr\/louest-de-lile\/dorval\/"]}]},{"@type":"BreadcrumbList","@id":"https:\/\/soldinthewest.com\/fr\/louest-de-lile\/dorval\/#breadcrumb","itemListElement":[{"@type":"ListItem","position":1,"name":"Home","item":"https:\/\/soldinthewest.com\/fr\/"},{"@type":"ListItem","position":2,"name":"L\u2019Ouest-de-l\u2019\u00cele","item":"https:\/\/soldinthewest.com\/fr\/louest-de-lile\/"},{"@type":"ListItem","position":3,"name":"Dorval"}]},{"@type":"WebSite","@id":"https:\/\/soldinthewest.com\/fr\/#website","url":"https:\/\/soldinthewest.com\/fr\/","name":"Sold In The West","description":"West Island Real Estate","publisher":{"@id":"https:\/\/soldinthewest.com\/fr\/#organization"},"potentialAction":[{"@type":"SearchAction","target":{"@type":"EntryPoint","urlTemplate":"https:\/\/soldinthewest.com\/fr\/?s={search_term_string}"},"query-input":{"@type":"PropertyValueSpecification","valueRequired":true,"valueName":"search_term_string"}}],"inLanguage":"fr-FR"},{"@type":"Organization","@id":"https:\/\/soldinthewest.com\/fr\/#organization","name":"Sold in the west","url":"https:\/\/soldinthewest.com\/fr\/","logo":{"@type":"ImageObject","inLanguage":"fr-FR","@id":"https:\/\/soldinthewest.com\/fr\/#\/schema\/logo\/image\/","url":"https:\/\/soldinthewest.com\/wp-content\/uploads\/2016\/11\/soldinthewest-logo-west-island-real-estate-mobile.png","contentUrl":"https:\/\/soldinthewest.com\/wp-content\/uploads\/2016\/11\/soldinthewest-logo-west-island-real-estate-mobile.png","width":653,"height":592,"caption":"Sold in the west"},"image":{"@id":"https:\/\/soldinthewest.com\/fr\/#\/schema\/logo\/image\/"},"sameAs":["https:\/\/www.facebook.com\/soldinthewest\/","https:\/\/x.com\/Sold_intheWest","https:\/\/www.linkedin.com\/in\/sold-in-the-west-99589075"]}]}},"_links":{"self":[{"href":"https:\/\/soldinthewest.com\/fr\/wp-json\/wp\/v2\/pages\/5692","targetHints":{"allow":["GET"]}}],"collection":[{"href":"https:\/\/soldinthewest.com\/fr\/wp-json\/wp\/v2\/pages"}],"about":[{"href":"https:\/\/soldinthewest.com\/fr\/wp-json\/wp\/v2\/types\/page"}],"author":[{"embeddable":true,"href":"https:\/\/soldinthewest.com\/fr\/wp-json\/wp\/v2\/users\/4"}],"replies":[{"embeddable":true,"href":"https:\/\/soldinthewest.com\/fr\/wp-json\/wp\/v2\/comments?post=5692"}],"version-history":[{"count":5,"href":"https:\/\/soldinthewest.com\/fr\/wp-json\/wp\/v2\/pages\/5692\/revisions"}],"predecessor-version":[{"id":5700,"href":"https:\/\/soldinthewest.com\/fr\/wp-json\/wp\/v2\/pages\/5692\/revisions\/5700"}],"up":[{"embeddable":true,"href":"https:\/\/soldinthewest.com\/fr\/wp-json\/wp\/v2\/pages\/3723"}],"wp:attachment":[{"href":"https:\/\/soldinthewest.com\/fr\/wp-json\/wp\/v2\/media?parent=5692"}],"curies":[{"name":"wp","href":"https:\/\/api.w.org\/{rel}","templated":true}]}}