{"id":5701,"date":"2022-02-22T17:10:03","date_gmt":"2022-02-22T21:10:03","guid":{"rendered":"https:\/\/dev.soldinthewest.com\/louest-de-lile\/pointe-claire\/"},"modified":"2022-02-22T17:12:23","modified_gmt":"2022-02-22T21:12:23","slug":"pointe-claire","status":"publish","type":"page","link":"https:\/\/soldinthewest.com\/fr\/louest-de-lile\/pointe-claire\/","title":{"rendered":"Pointe-Claire"},"content":{"rendered":"<p>[et_pb_section fb_built=&#8221;1&#8243; _builder_version=&#8221;4.14.8&#8243; _module_preset=&#8221;default&#8221; background_color=&#8221;RGBA(255,255,255,0)&#8221; global_colors_info=&#8221;{}&#8221;][et_pb_row _builder_version=&#8221;4.14.8&#8243; background_size=&#8221;initial&#8221; background_position=&#8221;top_left&#8221; background_repeat=&#8221;repeat&#8221; custom_padding=&#8221;||0px||false|false&#8221; global_colors_info=&#8221;{}&#8221;][et_pb_column type=&#8221;4_4&#8243; _builder_version=&#8221;3.25&#8243; custom_padding=&#8221;|||&#8221; global_colors_info=&#8221;{}&#8221; custom_padding__hover=&#8221;|||&#8221;][et_pb_post_title meta=&#8221;off&#8221; featured_image=&#8221;off&#8221; _builder_version=&#8221;4.14.8&#8243; _module_preset=&#8221;default&#8221; title_text_color=&#8221;#000000&#8243; title_font_size=&#8221;30px&#8221; global_colors_info=&#8221;{}&#8221;][\/et_pb_post_title][\/et_pb_column][\/et_pb_row][et_pb_row column_structure=&#8221;2_3,1_3&#8243; _builder_version=&#8221;4.14.8&#8243; _module_preset=&#8221;default&#8221; hover_enabled=&#8221;0&#8243; global_colors_info=&#8221;{}&#8221; sticky_enabled=&#8221;0&#8243;][et_pb_column type=&#8221;2_3&#8243; _builder_version=&#8221;4.14.8&#8243; _module_preset=&#8221;default&#8221; background_color=&#8221;#FFFFFF&#8221; custom_padding=&#8221;45px|30px|45px|30px|false|false&#8221; global_colors_info=&#8221;{}&#8221;][et_pb_text admin_label=&#8221;Text&#8221; _builder_version=&#8221;4.14.8&#8243; background_size=&#8221;initial&#8221; background_position=&#8221;top_left&#8221; background_repeat=&#8221;repeat&#8221; global_colors_info=&#8221;{}&#8221;]<\/p>\n<h1>Le Moulin de Pointe-Claire<\/h1>\n<p>Consid\u00e9r\u00e9s comme la pierre angulaire du patrimoine de la Nouvelle-France, les moulins remontent \u00e0 l&#8217;\u00e9poque de la construction de notre histoire collective. Malheureusement, tr\u00e8s peu de ces moulins subsistent encore; la plupart ont \u00e9t\u00e9 victimes du temps ou d&#8217;une modernisation incessante.<\/p>\n<p><strong>L\u00e9onard Paill\u00e9 dit Paillard, le ma\u00eetre des moulins !<\/strong><\/p>\n<p>La colonisation de l&#8217;ouest de Montr\u00e9al prend rapidement de l&#8217;ampleur apr\u00e8s la signature de la Grande Paix entre les Fran\u00e7ais et les nations am\u00e9rindiennes environnantes. De nombreux fiefs sont accord\u00e9s aux colons assez courageux pour quitter les remparts s\u00e9curis\u00e9s de Ville-Marie et s&#8217;installer sur les terres fertiles qui bordent l&#8217;\u00eele. Le besoin d&#8217;infrastructures augmentant rapidement, cette responsabilit\u00e9 revient aux seigneurs de l&#8217;\u00eele, les Sulpiciens, qui construisent un moulin o\u00f9 les censitaires (tenanciers) peuvent moudre leur grain. En 1709, les Sulpiciens engagent le menuisier L\u00e9onard Paill\u00e9, dit Paillard, pour construire un moulin communal. Depuis la fin des ann\u00e9es 1600, ce charpentier d&#8217;origine fran\u00e7aise \u00e9tait le constructeur de moulins le plus prolifique de la r\u00e9gion. Au cours de ses 40 ans de carri\u00e8re, Paillard aurait construit la structure et le m\u00e9canisme d&#8217;au moins 24 moulins. Avec l&#8217;aide de son fils Charles et du tailleur de pierres Jean Mars, Paillard construit un moulin qui lui survivra longtemps.<\/p>\n<p>Le moulin de Pointe-Claire avait l&#8217;avantage d&#8217;\u00eatre situ\u00e9 sur une pointe de terre qui s&#8217;avan\u00e7ait dans le lac Saint-Louis, l&#8217;endroit id\u00e9al pour profiter de plein fouet du vent. Malgr\u00e9 le fait que les Iroquois ne repr\u00e9sentent plus une menace, l&#8217;architecture du b\u00e2timent prend un caract\u00e8re d\u00e9fensif et pr\u00e9sente m\u00eame des meurtri\u00e8res, de petites ouvertures par lesquelles les armes \u00e0 feu peuvent \u00eatre d\u00e9charg\u00e9es en cas d&#8217;attaque. Le moulin \u00e9tait \u00e9galement entour\u00e9 d&#8217;une palissade en bois. La conception simple mais fonctionnelle du moulin a bien servi les habitants locaux, mais a \u00e9galement refl\u00e9t\u00e9 les ressources mat\u00e9rielles limit\u00e9es dont disposaient les seigneurs au moment de sa construction. Une maison de meunier a \u00e9t\u00e9 construite \u00e0 c\u00f4t\u00e9.<\/p>\n<p>Le moulin est exploit\u00e9 par une succession d&#8217;une douzaine de locataires \u00e0 bail, jusqu&#8217;\u00e0 ce que les Sulpiciens le vendent finalement \u00e0 un propri\u00e9taire exploitant en 1837. Les activit\u00e9s du moulin cessent en 1866 et la paroisse de Saint-Joachim acquiert la propri\u00e9t\u00e9, avant d&#8217;en transf\u00e9rer la propri\u00e9t\u00e9 aux Congr\u00e9gation de Notre-Dame. \u00c0 la fin des ann\u00e9es 1800, les religieuses ont transform\u00e9 le moulin en observatoire, rempla\u00e7ant le toit conique par une plate-forme d&#8217;observation. Une \u00e9olienne a \u00e9t\u00e9 \u00e9rig\u00e9e sur le toit pour pomper l&#8217;eau d&#8217;un puits afin d&#8217;alimenter le couvent. Il resta en service jusqu&#8217;en 1916, date \u00e0 laquelle le couvent fut reli\u00e9 aux services d&#8217;eau municipaux. Au cours des ann\u00e9es 1950 et au d\u00e9but des ann\u00e9es 1960, les s\u0153urs ont fait reconstruire le toit conique et ont redonn\u00e9 \u00e0 l&#8217;ext\u00e9rieur du moulin son caract\u00e8re d&#8217;origine.<\/p>\n<p>Le moulin \u00e0 vent de Pointe-Claire est le deuxi\u00e8me plus ancien moulin communal de l&#8217;\u00eele de Montr\u00e9al, apr\u00e8s celui de Senneville. En 1982, le gouvernement du Qu\u00e9bec a class\u00e9 le moulin site patrimonial et aujourd&#8217;hui, il fait la fiert\u00e9 des r\u00e9sidents de Pointe-Claire. Gr\u00e2ce aux efforts des b\u00e9n\u00e9voles de la Soci\u00e9t\u00e9 pour la sauvegarde du patrimoine de Pointe-Claire, des mesures sont prises pour restaurer le m\u00e9canisme du moulin, ce qui lui permettra de fonctionner \u00e0 nouveau .<\/p>\n<p><strong>Moulins Communaux en Nouvelle-France<\/strong><\/p>\n<p>Tout comme dans la m\u00e8re patrie, les seigneurs de la Nouvelle-France \u00e9taient charg\u00e9s de construire, d&#8217;entretenir et d&#8217;exploiter un moulin, appel\u00e9 moulin banal (ou communal) parce qu&#8217;il \u00e9tait \u00e0 l&#8217;usage collectif de leurs censitaires, ou tenanciers. Sauf convention contraire, le seigneur b\u00e9n\u00e9ficiait d&#8217;un droit d&#8217;exploitation exclusif. En contrepartie, les censitaires sont oblig\u00e9s d&#8217;y moudre leur grain moyennant r\u00e9tribution. Ceux qui enfreignaient la r\u00e8gle \u00e9taient punis d&#8217;une amende ou se voyaient confisquer leurs c\u00e9r\u00e9ales.[\/et_pb_text][\/et_pb_column][et_pb_column type=&#8221;1_3&#8243; _builder_version=&#8221;4.14.8&#8243; _module_preset=&#8221;default&#8221; background_color=&#8221;#FFFFFF&#8221; custom_padding=&#8221;45px|30px|45px|30px|false|false&#8221; hover_enabled=&#8221;0&#8243; global_colors_info=&#8221;{}&#8221; sticky_position=&#8221;top&#8221; sticky_offset_top=&#8221;45px&#8221; sticky_enabled=&#8221;0&#8243;][et_pb_sidebar area=&#8221;sidebar-1&#8243; show_border=&#8221;off&#8221; _builder_version=&#8221;4.14.8&#8243; _module_preset=&#8221;default&#8221; global_colors_info=&#8221;{}&#8221;][\/et_pb_sidebar][\/et_pb_column][\/et_pb_row][\/et_pb_section]<\/p>\n<!-- AddThis Advanced Settings generic via filter on the_content --><!-- AddThis Share Buttons generic via filter on the_content -->","protected":false},"excerpt":{"rendered":"<p><!-- AddThis Advanced Settings generic via filter on the_excerpt --><!-- AddThis Share Buttons generic via filter on the_excerpt --><\/p>\n","protected":false},"author":4,"featured_media":0,"parent":3723,"menu_order":0,"comment_status":"closed","ping_status":"closed","template":"","meta":{"_et_pb_use_builder":"on","_et_pb_old_content":"","_et_gb_content_width":"","footnotes":""},"class_list":["post-5701","page","type-page","status-publish","hentry"],"yoast_head":"<!-- This site is optimized with the Yoast SEO plugin v27.3 - https:\/\/yoast.com\/product\/yoast-seo-wordpress\/ -->\n<title>Le Moulin de Pointe-Claire | Sold In The West<\/title>\n<meta name=\"robots\" content=\"index, follow, max-snippet:-1, max-image-preview:large, max-video-preview:-1\" \/>\n<link rel=\"canonical\" href=\"https:\/\/soldinthewest.com\/fr\/louest-de-lile\/pointe-claire\/\" \/>\n<meta property=\"og:locale\" content=\"fr_FR\" \/>\n<meta property=\"og:type\" content=\"article\" \/>\n<meta property=\"og:title\" content=\"Le Moulin de Pointe-Claire | Sold In The West\" \/>\n<meta property=\"og:description\" content=\"Le Moulin de Pointe-Claire. Consid\u00e9r\u00e9s comme la pierre angulaire du patrimoine de la Nouvelle-France, les moulins remontent \u00e0 l&#039;\u00e9poque o\u00f9 commen\u00e7ait notre histoire collective...\" \/>\n<meta property=\"og:url\" content=\"https:\/\/soldinthewest.com\/fr\/louest-de-lile\/pointe-claire\/\" \/>\n<meta property=\"og:site_name\" content=\"Sold In The West\" \/>\n<meta property=\"article:publisher\" content=\"https:\/\/www.facebook.com\/soldinthewest\/\" \/>\n<meta property=\"article:modified_time\" content=\"2022-02-22T21:12:23+00:00\" \/>\n<meta name=\"twitter:card\" content=\"summary_large_image\" \/>\n<meta name=\"twitter:site\" content=\"@Sold_intheWest\" \/>\n<meta name=\"twitter:label1\" content=\"Dur\u00e9e de lecture estim\u00e9e\" \/>\n\t<meta name=\"twitter:data1\" content=\"4 minutes\" \/>\n<script type=\"application\/ld+json\" class=\"yoast-schema-graph\">{\"@context\":\"https:\\\/\\\/schema.org\",\"@graph\":[{\"@type\":\"WebPage\",\"@id\":\"https:\\\/\\\/soldinthewest.com\\\/fr\\\/louest-de-lile\\\/pointe-claire\\\/\",\"url\":\"https:\\\/\\\/soldinthewest.com\\\/fr\\\/louest-de-lile\\\/pointe-claire\\\/\",\"name\":\"Le Moulin de Pointe-Claire | Sold In The West\",\"isPartOf\":{\"@id\":\"https:\\\/\\\/soldinthewest.com\\\/fr\\\/#website\"},\"datePublished\":\"2022-02-22T21:10:03+00:00\",\"dateModified\":\"2022-02-22T21:12:23+00:00\",\"description\":\"Le Moulin de Pointe-Claire. Consid\u00e9r\u00e9s comme la pierre angulaire du patrimoine de la Nouvelle-France, les moulins remontent \u00e0 l'\u00e9poque o\u00f9 commen\u00e7ait notre histoire collective...\",\"breadcrumb\":{\"@id\":\"https:\\\/\\\/soldinthewest.com\\\/fr\\\/louest-de-lile\\\/pointe-claire\\\/#breadcrumb\"},\"inLanguage\":\"fr-FR\",\"potentialAction\":[{\"@type\":\"ReadAction\",\"target\":[\"https:\\\/\\\/soldinthewest.com\\\/fr\\\/louest-de-lile\\\/pointe-claire\\\/\"]}]},{\"@type\":\"BreadcrumbList\",\"@id\":\"https:\\\/\\\/soldinthewest.com\\\/fr\\\/louest-de-lile\\\/pointe-claire\\\/#breadcrumb\",\"itemListElement\":[{\"@type\":\"ListItem\",\"position\":1,\"name\":\"Home\",\"item\":\"https:\\\/\\\/soldinthewest.com\\\/fr\\\/\"},{\"@type\":\"ListItem\",\"position\":2,\"name\":\"L\u2019Ouest-de-l\u2019\u00cele\",\"item\":\"https:\\\/\\\/soldinthewest.com\\\/fr\\\/louest-de-lile\\\/\"},{\"@type\":\"ListItem\",\"position\":3,\"name\":\"Pointe-Claire\"}]},{\"@type\":\"WebSite\",\"@id\":\"https:\\\/\\\/soldinthewest.com\\\/fr\\\/#website\",\"url\":\"https:\\\/\\\/soldinthewest.com\\\/fr\\\/\",\"name\":\"Sold In The West\",\"description\":\"West Island Real Estate\",\"publisher\":{\"@id\":\"https:\\\/\\\/soldinthewest.com\\\/fr\\\/#organization\"},\"potentialAction\":[{\"@type\":\"SearchAction\",\"target\":{\"@type\":\"EntryPoint\",\"urlTemplate\":\"https:\\\/\\\/soldinthewest.com\\\/fr\\\/?s={search_term_string}\"},\"query-input\":{\"@type\":\"PropertyValueSpecification\",\"valueRequired\":true,\"valueName\":\"search_term_string\"}}],\"inLanguage\":\"fr-FR\"},{\"@type\":\"Organization\",\"@id\":\"https:\\\/\\\/soldinthewest.com\\\/fr\\\/#organization\",\"name\":\"Sold in the west\",\"url\":\"https:\\\/\\\/soldinthewest.com\\\/fr\\\/\",\"logo\":{\"@type\":\"ImageObject\",\"inLanguage\":\"fr-FR\",\"@id\":\"https:\\\/\\\/soldinthewest.com\\\/fr\\\/#\\\/schema\\\/logo\\\/image\\\/\",\"url\":\"https:\\\/\\\/soldinthewest.com\\\/wp-content\\\/uploads\\\/2016\\\/11\\\/soldinthewest-logo-west-island-real-estate-mobile.png\",\"contentUrl\":\"https:\\\/\\\/soldinthewest.com\\\/wp-content\\\/uploads\\\/2016\\\/11\\\/soldinthewest-logo-west-island-real-estate-mobile.png\",\"width\":653,\"height\":592,\"caption\":\"Sold in the west\"},\"image\":{\"@id\":\"https:\\\/\\\/soldinthewest.com\\\/fr\\\/#\\\/schema\\\/logo\\\/image\\\/\"},\"sameAs\":[\"https:\\\/\\\/www.facebook.com\\\/soldinthewest\\\/\",\"https:\\\/\\\/x.com\\\/Sold_intheWest\",\"https:\\\/\\\/www.linkedin.com\\\/in\\\/sold-in-the-west-99589075\"]}]}<\/script>\n<!-- \/ Yoast SEO plugin. -->","yoast_head_json":{"title":"Le Moulin de Pointe-Claire | Sold In The West","robots":{"index":"index","follow":"follow","max-snippet":"max-snippet:-1","max-image-preview":"max-image-preview:large","max-video-preview":"max-video-preview:-1"},"canonical":"https:\/\/soldinthewest.com\/fr\/louest-de-lile\/pointe-claire\/","og_locale":"fr_FR","og_type":"article","og_title":"Le Moulin de Pointe-Claire | Sold In The West","og_description":"Le Moulin de Pointe-Claire. Consid\u00e9r\u00e9s comme la pierre angulaire du patrimoine de la Nouvelle-France, les moulins remontent \u00e0 l'\u00e9poque o\u00f9 commen\u00e7ait notre histoire collective...","og_url":"https:\/\/soldinthewest.com\/fr\/louest-de-lile\/pointe-claire\/","og_site_name":"Sold In The West","article_publisher":"https:\/\/www.facebook.com\/soldinthewest\/","article_modified_time":"2022-02-22T21:12:23+00:00","twitter_card":"summary_large_image","twitter_site":"@Sold_intheWest","twitter_misc":{"Dur\u00e9e de lecture estim\u00e9e":"4 minutes"},"schema":{"@context":"https:\/\/schema.org","@graph":[{"@type":"WebPage","@id":"https:\/\/soldinthewest.com\/fr\/louest-de-lile\/pointe-claire\/","url":"https:\/\/soldinthewest.com\/fr\/louest-de-lile\/pointe-claire\/","name":"Le Moulin de Pointe-Claire | Sold In The West","isPartOf":{"@id":"https:\/\/soldinthewest.com\/fr\/#website"},"datePublished":"2022-02-22T21:10:03+00:00","dateModified":"2022-02-22T21:12:23+00:00","description":"Le Moulin de Pointe-Claire. Consid\u00e9r\u00e9s comme la pierre angulaire du patrimoine de la Nouvelle-France, les moulins remontent \u00e0 l'\u00e9poque o\u00f9 commen\u00e7ait notre histoire collective...","breadcrumb":{"@id":"https:\/\/soldinthewest.com\/fr\/louest-de-lile\/pointe-claire\/#breadcrumb"},"inLanguage":"fr-FR","potentialAction":[{"@type":"ReadAction","target":["https:\/\/soldinthewest.com\/fr\/louest-de-lile\/pointe-claire\/"]}]},{"@type":"BreadcrumbList","@id":"https:\/\/soldinthewest.com\/fr\/louest-de-lile\/pointe-claire\/#breadcrumb","itemListElement":[{"@type":"ListItem","position":1,"name":"Home","item":"https:\/\/soldinthewest.com\/fr\/"},{"@type":"ListItem","position":2,"name":"L\u2019Ouest-de-l\u2019\u00cele","item":"https:\/\/soldinthewest.com\/fr\/louest-de-lile\/"},{"@type":"ListItem","position":3,"name":"Pointe-Claire"}]},{"@type":"WebSite","@id":"https:\/\/soldinthewest.com\/fr\/#website","url":"https:\/\/soldinthewest.com\/fr\/","name":"Sold In The West","description":"West Island Real Estate","publisher":{"@id":"https:\/\/soldinthewest.com\/fr\/#organization"},"potentialAction":[{"@type":"SearchAction","target":{"@type":"EntryPoint","urlTemplate":"https:\/\/soldinthewest.com\/fr\/?s={search_term_string}"},"query-input":{"@type":"PropertyValueSpecification","valueRequired":true,"valueName":"search_term_string"}}],"inLanguage":"fr-FR"},{"@type":"Organization","@id":"https:\/\/soldinthewest.com\/fr\/#organization","name":"Sold in the west","url":"https:\/\/soldinthewest.com\/fr\/","logo":{"@type":"ImageObject","inLanguage":"fr-FR","@id":"https:\/\/soldinthewest.com\/fr\/#\/schema\/logo\/image\/","url":"https:\/\/soldinthewest.com\/wp-content\/uploads\/2016\/11\/soldinthewest-logo-west-island-real-estate-mobile.png","contentUrl":"https:\/\/soldinthewest.com\/wp-content\/uploads\/2016\/11\/soldinthewest-logo-west-island-real-estate-mobile.png","width":653,"height":592,"caption":"Sold in the west"},"image":{"@id":"https:\/\/soldinthewest.com\/fr\/#\/schema\/logo\/image\/"},"sameAs":["https:\/\/www.facebook.com\/soldinthewest\/","https:\/\/x.com\/Sold_intheWest","https:\/\/www.linkedin.com\/in\/sold-in-the-west-99589075"]}]}},"_links":{"self":[{"href":"https:\/\/soldinthewest.com\/fr\/wp-json\/wp\/v2\/pages\/5701","targetHints":{"allow":["GET"]}}],"collection":[{"href":"https:\/\/soldinthewest.com\/fr\/wp-json\/wp\/v2\/pages"}],"about":[{"href":"https:\/\/soldinthewest.com\/fr\/wp-json\/wp\/v2\/types\/page"}],"author":[{"embeddable":true,"href":"https:\/\/soldinthewest.com\/fr\/wp-json\/wp\/v2\/users\/4"}],"replies":[{"embeddable":true,"href":"https:\/\/soldinthewest.com\/fr\/wp-json\/wp\/v2\/comments?post=5701"}],"version-history":[{"count":5,"href":"https:\/\/soldinthewest.com\/fr\/wp-json\/wp\/v2\/pages\/5701\/revisions"}],"predecessor-version":[{"id":5706,"href":"https:\/\/soldinthewest.com\/fr\/wp-json\/wp\/v2\/pages\/5701\/revisions\/5706"}],"up":[{"embeddable":true,"href":"https:\/\/soldinthewest.com\/fr\/wp-json\/wp\/v2\/pages\/3723"}],"wp:attachment":[{"href":"https:\/\/soldinthewest.com\/fr\/wp-json\/wp\/v2\/media?parent=5701"}],"curies":[{"name":"wp","href":"https:\/\/api.w.org\/{rel}","templated":true}]}}